{"id":6787,"date":"2026-04-10T07:16:17","date_gmt":"2026-04-10T07:16:17","guid":{"rendered":"https:\/\/ayurvedaflow.se\/?page_id=6787"},"modified":"2026-04-10T07:32:45","modified_gmt":"2026-04-10T07:32:45","slug":"ayurvedisk-halsokonsultation","status":"publish","type":"page","link":"https:\/\/ayurvedaflow.se\/en\/ayurvedisk-halsokonsultation\/","title":{"rendered":"Ayurvedisk H\u00e4lsoKonsultation"},"content":{"rendered":"<div class=\"wp-block-uagb-container uagb-block-99265a40 alignfull uagb-is-root-container\"><div class=\"uagb-container-inner-blocks-wrap\">\n<div class=\"wp-block-uagb-container uagb-block-db1a86e4\"><\/div>\n\n\n\n<div class=\"wp-block-uagb-container uagb-block-4b9b3bad\"><\/div>\n\n\n\n<p><\/p>\n\n\n\n<p><\/p>\n\n\n\n<p><\/p>\n\n\n\n<p><\/p>\n\n\n\n<div class=\"wp-block-uagb-advanced-heading uagb-block-be85fc30\"><h2 class=\"uagb-heading-text\">Ayurvedisk H\u00e4lsoKonsultation<\/h2><\/div>\n\n\n\n<p><\/p>\n\n\n\n<p><\/p>\n\n\n\n<div class=\"wp-block-uagb-container uagb-block-17cd3bab\"><div class=\"uagb-container__shape uagb-container__shape-bottom uagb-container__invert\" data-negative=\"false\"><svg xmlns=\"https:\/\/www.w3.org\/2000\/svg\" viewbox=\"0 0 1000 100\" preserveaspectratio=\"none\"><path class=\"uagb-container__shape-fill\" d=\"M1000,4.3V0H0v4.3C0.9,23.1,126.7,99.2,500,100S1000,22.7,1000,4.3z\"><\/path><\/svg><\/div><\/div>\n\n\n\n<p><\/p>\n\n\n\n<p><\/p>\n\n\n\n<p class=\"p1\">En ayurvedisk h\u00e4lsokonsultation passar dig som vill f\u00f6rebygga oh\u00e4lsa, optimera ditt v\u00e4lm\u00e5ende eller f\u00e5 st\u00f6d vid specifika kroniska eller \u00e5terkommande besv\u00e4r.<span class=\"Apple-converted-space\">\u00a0<\/span><\/p>\n<p class=\"p1\">Den \u00e4r s\u00e4rskilt v\u00e4rdefull om du upplever symtom som den traditionella v\u00e5rden inte kunnat ge en tydlig diagnos f\u00f6r, men \u00e4ven om du redan har en fastst\u00e4lld diagnos och s\u00f6ker ett mer holistiskt perspektiv p\u00e5 din h\u00e4lsa.<\/p>\n<p class=\"p1\">Vid en h\u00e4lsokonsultationen fastst\u00e4ller man vart roten till symtomen som uppleves har uppst\u00e5tt\u00a0och behandlar det med hj\u00e4lp av livsstilsf\u00f6r\u00e4ndringar, kostr\u00e5d, \u00f6rter osv.<span class=\"Apple-converted-space\">\u00a0<\/span><\/p>\n<p class=\"p1\">Oftast \u00e4r det r\u00e4tt enkla saker som kan g\u00f6ra en oerh\u00f6rd f\u00f6r\u00e4ndring i de dagliga m\u00e5endet.\u00a0Ayurveda handlar mycket om hur man genom sin livstil, medvetenhet och tankem\u00f6nster kan f\u00f6rebygga obalans i kroppen och sinnet som med tiden kan leda till sjukdom.<span class=\"Apple-converted-space\">\u00a0<\/span><\/p>\n<p class=\"p1\">H\u00e4lsa \u00e4r n\u00e5got individuellt, vi \u00e4r alla olika och beh\u00f6ver d\u00e4rf\u00f6r olika h\u00e4lsor\u00e5d beroende p\u00e5 vem vi \u00e4r.\u00a0<\/p>\n<p class=\"p1\">The body's healing powers are constantly at work, and by supporting your body, you enhance its ability to ward off lifestyle diseases. Addressing imbalances early on is the best health investment you can make for yourself.<\/p>\n<p class=\"p1\">Ayurvedisk H\u00e4sloskonsultationer erbjuds b\u00e5de via zoom och p\u00e5 plats i centrala V\u00e4ster\u00e5s. Konsultationen via zoom tar ca 10 &#8211; 15 minuter l\u00e4ngre \u00e4n p\u00e5 plats. Detta eftersom man inte l\u00e4ser pulsen och beh\u00f6ver st\u00e4lla fler fr\u00e5gor f\u00f6r att kunna diagnosera vart doshorna befinner sig just nu.<span class=\"Apple-converted-space\">\u00a0<\/span><\/p>\n<p class=\"p1\">B\u00e5da metoderna fungerar dock lika bra f\u00f6r att fastst\u00e4lla obalanserna.<\/p>\n<p class=\"p1\">Vid en ayurvedisk konsultation tr\u00e4ffar du Marie, som \u00e4r Certifierad ayurvedisk h\u00e4lsor\u00e5dgivare och konsulent. Hennes specialomr\u00e5de \u00e4r \u00f6rter och de sex smakerna och hur de p\u00e5verkar metabolism och v\u00e5rt psyke.<span class=\"Apple-converted-space\">\u00a0<\/span><\/p>\n<p class=\"p1\">F\u00f6rutom att ha stor kunskap inom holistisk h\u00e4lsa \u00e4r Marie ocks\u00e5 akademiskt skolad inom v\u00e4gledning. Hon har tidigare jobbat m\u00e5nga \u00e5r professionellt med att v\u00e4gleda och coacha m\u00e4nniskor som befunnit sig vid v\u00e4gval i livet.<\/p>\n<p class=\"p1\"><b>Investment:\u00a0<\/b>Vid f\u00f6rsta bes\u00f6ker betalar du 890 kr och vid uppf\u00f6ljningsbes\u00f6ket inom 5 veckor betalar du 340 kronor.<\/p>\n<p class=\"p1\">Heltidsstudenter, l\u00e5ngtidssjukskrivna eller arbetsl\u00f6sa och pension\u00e4rer erh\u00e5ller ca 20% rabatt och betalar 720 kronor vid f\u00f6rsta bes\u00f6ket och 250 kronor vid uppf\u00f6ljningen.<\/p>\n<p class=\"p1\">Skriv i meddelandet n\u00e4r du bokar tid att du ska ha 20% rabatt<\/p>\n<p>\u00a0<\/p>\n\n\n\n<div class=\"wp-block-uagb-buttons uagb-buttons__outer-wrap uagb-btn__default-btn uagb-btn-tablet__default-btn uagb-btn-mobile__default-btn uagb-block-92693213\"><div class=\"uagb-buttons__wrap uagb-buttons-layout-wrap\">\n<div class=\"wp-block-uagb-buttons-child uagb-buttons__outer-wrap uagb-block-ca33329a wp-block-button\"><div class=\"uagb-button__wrapper\"><a class=\"uagb-buttons-repeater wp-block-button__link\" aria-label=\"\" href=\"https:\/\/www.bokadirekt.se\/places\/ayurveda-flow-vaga-yoga-nu-i-vasteras-28358\" rel=\"follow noopener\" target=\"_self\" role=\"button\"><div class=\"uagb-button__link\">Boka en Konsultation<\/div><span class=\"uagb-button__icon uagb-button__icon-position-after\"><svg xmlns=\"https:\/\/www.w3.org\/2000\/svg\" viewbox=\"0 0 448 512\" aria-hidden=\"true\" focussable=\"false\"><path d=\"M438.6 278.6l-160 160C272.4 444.9 264.2 448 256 448s-16.38-3.125-22.62-9.375c-12.5-12.5-12.5-32.75 0-45.25L338.8 288H32C14.33 288 .0016 273.7 .0016 256S14.33 224 32 224h306.8l-105.4-105.4c-12.5-12.5-12.5-32.75 0-45.25s32.75-12.5 45.25 0l160 160C451.1 245.9 451.1 266.1 438.6 278.6z\"><\/path><\/svg><\/span><\/a><\/div><\/div>\n<\/div><\/div>\n\n\n\n<p><\/p>\n\n\n\n<p><\/p>\n<\/div><\/div>","protected":false},"excerpt":{"rendered":"<p>Ayurvedisk H\u00e4lsoKonsultation En ayurvedisk h\u00e4lsokonsultation passar dig som vill f\u00f6rebygga oh\u00e4lsa, optimera ditt v\u00e4lm\u00e5ende eller f\u00e5 st\u00f6d vid specifika kroniska eller \u00e5terkommande besv\u00e4r.\u00a0 Den \u00e4r s\u00e4rskilt v\u00e4rdefull om du upplever symtom som den traditionella v\u00e5rden inte kunnat ge en tydlig diagnos f\u00f6r, men \u00e4ven om du redan har en fastst\u00e4lld diagnos och s\u00f6ker ett mer [&hellip;]<\/p>\n","protected":false},"author":1,"featured_media":0,"parent":0,"menu_order":0,"comment_status":"closed","ping_status":"closed","template":"","meta":{"_uag_custom_page_level_css":"","site-sidebar-layout":"default","site-content-layout":"","ast-site-content-layout":"default","site-content-style":"default","site-sidebar-style":"default","ast-global-header-display":"","ast-banner-title-visibility":"","ast-main-header-display":"","ast-hfb-above-header-display":"","ast-hfb-below-header-display":"","ast-hfb-mobile-header-display":"","site-post-title":"","ast-breadcrumbs-content":"","ast-featured-img":"","footer-sml-layout":"","ast-disable-related-posts":"","theme-transparent-header-meta":"","adv-header-id-meta":"","stick-header-meta":"","header-above-stick-meta":"","header-main-stick-meta":"","header-below-stick-meta":"","astra-migrate-meta-layouts":"set","ast-page-background-enabled":"default","ast-page-background-meta":{"desktop":{"background-color":"","background-image":"","background-repeat":"repeat","background-position":"center center","background-size":"auto","background-attachment":"scroll","background-type":"","background-media":"","overlay-type":"","overlay-color":"","overlay-opacity":"","overlay-gradient":""},"tablet":{"background-color":"","background-image":"","background-repeat":"repeat","background-position":"center center","background-size":"auto","background-attachment":"scroll","background-type":"","background-media":"","overlay-type":"","overlay-color":"","overlay-opacity":"","overlay-gradient":""},"mobile":{"background-color":"","background-image":"","background-repeat":"repeat","background-position":"center center","background-size":"auto","background-attachment":"scroll","background-type":"","background-media":"","overlay-type":"","overlay-color":"","overlay-opacity":"","overlay-gradient":""}},"ast-content-background-meta":{"desktop":{"background-color":"var(--ast-global-color-5)","background-image":"","background-repeat":"repeat","background-position":"center center","background-size":"auto","background-attachment":"scroll","background-type":"","background-media":"","overlay-type":"","overlay-color":"","overlay-opacity":"","overlay-gradient":""},"tablet":{"background-color":"var(--ast-global-color-5)","background-image":"","background-repeat":"repeat","background-position":"center center","background-size":"auto","background-attachment":"scroll","background-type":"","background-media":"","overlay-type":"","overlay-color":"","overlay-opacity":"","overlay-gradient":""},"mobile":{"background-color":"var(--ast-global-color-5)","background-image":"","background-repeat":"repeat","background-position":"center center","background-size":"auto","background-attachment":"scroll","background-type":"","background-media":"","overlay-type":"","overlay-color":"","overlay-opacity":"","overlay-gradient":""}},"footnotes":""},"class_list":["post-6787","page","type-page","status-publish","hentry"],"uagb_featured_image_src":{"full":false,"thumbnail":false,"medium":false,"medium_large":false,"large":false,"1536x1536":false,"2048x2048":false,"trp-custom-language-flag":false,"woocommerce_thumbnail":false,"woocommerce_single":false,"woocommerce_gallery_thumbnail":false},"uagb_author_info":{"display_name":"Adam0304","author_link":"https:\/\/ayurvedaflow.se\/en\/author\/adam0304\/"},"uagb_comment_info":0,"uagb_excerpt":"Ayurvedisk H\u00e4lsoKonsultation En ayurvedisk h\u00e4lsokonsultation passar dig som vill f\u00f6rebygga oh\u00e4lsa, optimera ditt v\u00e4lm\u00e5ende eller f\u00e5 st\u00f6d vid specifika kroniska eller \u00e5terkommande besv\u00e4r.\u00a0 Den \u00e4r s\u00e4rskilt v\u00e4rdefull om du upplever symtom som den traditionella v\u00e5rden inte kunnat ge en tydlig diagnos f\u00f6r, men \u00e4ven om du redan har en fastst\u00e4lld diagnos och s\u00f6ker ett mer&hellip;","_links":{"self":[{"href":"https:\/\/ayurvedaflow.se\/en\/wp-json\/wp\/v2\/pages\/6787","targetHints":{"allow":["GET"]}}],"collection":[{"href":"https:\/\/ayurvedaflow.se\/en\/wp-json\/wp\/v2\/pages"}],"about":[{"href":"https:\/\/ayurvedaflow.se\/en\/wp-json\/wp\/v2\/types\/page"}],"author":[{"embeddable":true,"href":"https:\/\/ayurvedaflow.se\/en\/wp-json\/wp\/v2\/users\/1"}],"replies":[{"embeddable":true,"href":"https:\/\/ayurvedaflow.se\/en\/wp-json\/wp\/v2\/comments?post=6787"}],"version-history":[{"count":7,"href":"https:\/\/ayurvedaflow.se\/en\/wp-json\/wp\/v2\/pages\/6787\/revisions"}],"predecessor-version":[{"id":6797,"href":"https:\/\/ayurvedaflow.se\/en\/wp-json\/wp\/v2\/pages\/6787\/revisions\/6797"}],"wp:attachment":[{"href":"https:\/\/ayurvedaflow.se\/en\/wp-json\/wp\/v2\/media?parent=6787"}],"curies":[{"name":"wp","href":"https:\/\/api.w.org\/{rel}","templated":true}]}}