{"id":6365,"date":"2026-03-20T11:37:08","date_gmt":"2026-03-20T11:37:08","guid":{"rendered":"https:\/\/ayurvedaflow.se\/?page_id=6365"},"modified":"2026-04-07T12:14:32","modified_gmt":"2026-04-07T12:14:32","slug":"aterstall-kropp-och-sinne-efter-vintern","status":"publish","type":"page","link":"https:\/\/ayurvedaflow.se\/en\/aktuellt\/aterstall-kropp-och-sinne-efter-vintern\/","title":{"rendered":"Spring cleanse\/ detox"},"content":{"rendered":"<div class=\"wp-block-uagb-container uagb-block-d55983fa alignfull uagb-is-root-container\"><div class=\"uagb-container-inner-blocks-wrap\">\n<div class=\"wp-block-uagb-container uagb-block-65262bd6\"><\/div>\n\n\n\n<p><\/p>\n\n\n\n<p><\/p>\n\n\n\n<p><\/p>\n\n\n\n<div class=\"wp-block-uagb-advanced-heading uagb-block-3fcaa023\"><h2 class=\"uagb-heading-text\">Spring cleanse\/ detox<\/h2><\/div>\n\n\n\n<div class=\"wp-block-uagb-advanced-heading uagb-block-72b5e008\"><h5 class=\"uagb-heading-text\">of body and Mind<\/h5><\/div>\n\n\n\n<p><\/p>\n\n\n\n<p><\/p>\n\n\n\n<div class=\"wp-block-uagb-container uagb-block-64468521\"><div class=\"uagb-container__shape uagb-container__shape-bottom uagb-container__invert\" data-negative=\"false\"><svg xmlns=\"https:\/\/www.w3.org\/2000\/svg\" viewbox=\"0 0 1000 100\" preserveaspectratio=\"none\"><path class=\"uagb-container__shape-fill\" d=\"M1000,4.3V0H0v4.3C0.9,23.1,126.7,99.2,500,100S1000,22.7,1000,4.3z\"><\/path><\/svg><\/div><\/div>\n\n\n\n<p><\/p>\n\n\n\n<div class=\"wp-block-uagb-advanced-heading uagb-block-f25a1d99\"><h5 class=\"uagb-heading-text\">Ritucharya: The Ayurvedic key to long-term balance <br><\/h5><\/div>\n\n\n\n<div class=\"wp-block-uagb-advanced-heading uagb-block-e0252017\"><h6 class=\"uagb-heading-text\"><br>21-day traditional Ayurvedic cleanse<\/h6><\/div>\n\n\n\n<p><\/p>\n\n\n\n<p>In Ayurveda, the practice of living in harmony with the seasons is called Ritucharya. It is one of Ayurveda\u2019s most important principles, as it has long been observed that imbalance and illness often arise during the transition between seasons.<br><br>When climate, light, and energy shift rapidly, but diet and lifestyle remain unchanged, the body cannot adapt in time. The doshas, Vata, Pitta, and Kapha, may then accumulate, creating stagnation, irritation, or instability.&nbsp;<\/p>\n\n\n\n<p>In modern terms, this may show up as:<br>\u2013 Imbalanced gut microbiome<br>\u00b7 Reduced digestive capacity<br>\u00b7 Mild chronic inflammation<br>\u00b7 Hormonal and mood swings<br>\u00b7 Stress and anxiety<\/p>\n\n\n\n<p>Ritucharya is about consciously supporting the body\u2019s seasonal transitions instead of letting imbalances accumulate unnoticed.<\/p>\n\n\n\n<p><strong>Why spring and autumn are crucial for seasonal cleansing<\/strong>g. <br>Spring and autumn are the most powerful transitional periods of the year, according to both Ayurveda and modern research.<br><br>Spring is a time when the body naturally wants to release winter accumulations such as heaviness, stagnation, and mucus. The gut microbiome and immune system are ready for adjustment, but need the right conditions to do so gently.<br>Autumn brings increased movement and change in nature, which affects the nervous system. Without support, this can lead to stress, worry, dryness, and energy loss.<\/p>\n\n\n\n<p>Ayurveda therefore recommends seasonal cleanses, precisely during these periods. An Ayurvedic cleanse is not a quick detox, but a thoughtful and gentle process that:<br>\u2013 Supports the gut in reestablishing its healthy microbiome<br>\u00b7 Supports the body\u2019s natural detoxification systems<br>\u00b7 Boosts digestive and immune function<br>\u00b7 Calms the nervous system<br>\u00b7 Assists the body in adjusting internally to the changing seasons<\/p>\n\n\n\n<p>The body is dynamic and constantly adapts to changes in light, temperature, diet, and daily rhythm. At the center of this adaptation is the digestive system, stomach and intestines, which are often referred to as the body\u2019s \u201csecond brain.\u201d<br>Recent research also shows that the gut microbiome is seasonal. Different bacterial strains dominate at different times of the year, depending on food availability, fiber variety, daylight, temperature, and activity levels. Our physiology is simply designed for variation, not the same demands year-round.<\/p>\n\n\n\n<p>Feeling sluggish, tired, or stressed as the seasons shift? <br>During these periods, both body and mind are especially sensitive, and the immune system can be affected. <\/p>\n\n\n\n<p>With this 21-day traditional Ayurvedic cleanse, you will experience:<\/p>\n\n\n\n<ul class=\"wp-block-list\">\n<li>Mer energi och l\u00e4tthet, sl\u00e4pp p\u00e5 tr\u00f6ghet och tr\u00f6tthet<\/li>\n\n\n\n<li>St\u00e4rkt immunf\u00f6rsvar, ge kroppen m\u00f6jlighet att f\u00f6rsvara sig naturligt<\/li>\n\n\n\n<li>Klarare sinne och b\u00e4ttre fokus, &nbsp;minska mental stress och k\u00e4nsla av tyngd<\/li>\n\n\n\n<li>Enkla dagliga rutiner, som du kan anv\u00e4nda l\u00e5ngt efter reningen<\/li>\n\n\n\n<li>Kunskap f\u00f6r livet, l\u00e4r dig hur du kan balansera kroppen vid varje \u00e5rstidsskifte och f\u00f6rebygga obalanser<br><\/li>\n<\/ul>\n\n\n\n<p>This is&nbsp;<strong>not a diet<\/strong>and you don\u2019t need to starve yourself. The program is a complete restoration for both body and nervous system, with gentle meals, daily rituals, and support throughout the entire journey.<\/p>\n\n\n\n<p><strong>Three phases \u2013 gentle and personalized for you<\/strong><\/p>\n\n\n\n<p><strong>Preparation (Days 1\u20137)<\/strong><br>You slowly let go of what burdens your body and mind, incorporating lighter, easier-to-digest foods. Meanwhile, digestion is gently balanced, and you get ready, both mentally and practically, for the cleanse.<\/p>\n\n\n\n<p><strong>Cleansing (Days 8\u201314)<\/strong><br>In this phase, you enjoy a gentle, easy-to-digest diet alongside herbal supplements. For 3\u20134 days, kitchari with ghee forms the main meal. Rituals like tongue scraping and sesame oil massage are also incorporated, soothing the nervous system and promoting a feeling of lightness.<\/p>\n\n\n\n<p>Options include:<\/p>\n\n\n\n<ul class=\"wp-block-list\">\n<li>a completely vegetarian cleanse or one with a small amount of animal protein <\/li>\n\n\n\n<li>a gentler cleanse without basti (enema) <\/li>\n\n\n\n<li>a more intensive cleanse with at-home basti (enema) <\/li>\n<\/ul>\n\n\n\n<p>The choice is made based on what feels safe and reasonable for you.<\/p>\n\n\n\n<p><strong>Restoration (Days 15\u201321)<\/strong><br>During this phase, the body and nervous system are supported with nourishing foods and calming routines. It helps you retain the effects of the cleanse and seamlessly bring them into your everyday life.<\/p>\n\n\n\n<p><strong>Structure<\/strong><\/p>\n\n\n\n<p>You receive clear written guidance, along with support and coaching throughout the entire process. You choose the level at which you want to carry out the cleansing.<\/p>\n\n\n\n<p>Before the start, you will receive a self-assessment tool regarding eating habits, daily routines, and lifestyle. This forms the basis for tailoring the program to your needs.<\/p>\n\n\n\n<p><strong>These dates, for the detox, are in Swedish<\/strong><\/p>\n\n\n\n<ul class=\"wp-block-list\">\n<li><strong>18 april:<\/strong>&nbsp;Digital kick-off \u2013 introduktion och f\u00f6rberedelse<\/li>\n\n\n\n<li><strong>25 april:<\/strong>&nbsp;Uppf\u00f6ljning inf\u00f6r reningsfasen<\/li>\n\n\n\n<li><strong>Under monodieten (4 dagar):<\/strong>&nbsp;M\u00f6jlighet till dagligt kv\u00e4llsst\u00f6d online<\/li>\n\n\n\n<li><strong>8 maj:<\/strong>&nbsp;Avslutande tr\u00e4ff med reflektion och v\u00e4gledning fram\u00e5t<br><\/li>\n<\/ul>\n\n\n\n<p><\/p>\n\n\n\n<p><\/p>\n\n\n\n<p><strong>Why participate?<\/strong><\/p>\n\n\n\n<ul class=\"wp-block-list\">\n<li>En reset f\u00f6r nervsystemet, lugnande morgonrutiner med massage och tungskrapning<\/li>\n\n\n\n<li>En fysisk rening, skonsam kost och \u00f6rter st\u00f6djer kroppens naturliga utrensning<\/li>\n\n\n\n<li>Trygghet och flexibilitet, anpassa niv\u00e5n efter din livssituation<\/li>\n\n\n\n<li>\u00c5teranv\u00e4ndbar kunskap, anv\u00e4nd programmet vid varje \u00e5rstidsskifte<\/li>\n\n\n\n<li>Klarhet, energi och l\u00e4tthet, de flesta upplever \u00f6kad mental sk\u00e4rpa och mer energi<\/li>\n<\/ul>\n\n\n\n<p><strong>Investment<\/strong><br>1400 SEK<\/p>\n\n\n\n<p>Du kan v\u00e4lja att betala hela beloppet direkt, eller betala&nbsp;<strong>300 kr i anm\u00e4lningsavgift<\/strong>&nbsp;f\u00f6r att s\u00e4kra din plats Resterande belopp betalas senast&nbsp;<strong>fredag 10 april<\/strong>. Vid anm\u00e4lan efter detta datum betalas hela summan direkt.<\/p>\n\n\n\n<p><strong>Dates in Swedish<\/strong><br>L\u00f6rdag 18 april, kl. 10 \u2013 11.15<br>L\u00f6rdag 25 april kl. 10 \u2013 11.15<br>26 + 27 april kl. 18.00<br>28 april kl. 17.00<br>29 april kl. 18.00<br>L\u00f6rdag 9 maj kl. 10 \u2013 11.30<\/p>\n\n\n\n<p><\/p>\n\n\n\n<p><\/p>\n\n\n\n<div class=\"wp-block-uagb-buttons uagb-buttons__outer-wrap uagb-btn__default-btn uagb-btn-tablet__default-btn uagb-btn-mobile__default-btn uagb-block-41e35483\"><div class=\"uagb-buttons__wrap uagb-buttons-layout-wrap\">\n<div class=\"wp-block-uagb-buttons-child uagb-buttons__outer-wrap uagb-block-b0d9173d wp-block-button\"><div class=\"uagb-button__wrapper\"><a class=\"uagb-buttons-repeater wp-block-button__link\" aria-label=\"\" href=\"https:\/\/www.bokadirekt.se\/places\/ayurveda-flow-vaga-yoga-nu-i-vasteras-28358\" rel=\"follow noopener\" target=\"_blank\" role=\"button\"><div class=\"uagb-button__link\">Boka <\/div><\/a><\/div><\/div>\n<\/div><\/div>\n\n\n\n<p><\/p>\n\n\n\n<p><\/p>\n<\/div><\/div>","protected":false},"excerpt":{"rendered":"<p>V\u00e5rrening\/detox av kropp och sinne Ritucharya Ayurvedans nyckel till l\u00e5ngsiktig balans 21-dagars traditionella ayurvediska rening Inom Ayurveda kallas l\u00e4ran om att leva i samklang med \u00e5rstiderna f\u00f6r ritucharya.&nbsp; Det \u00e4r en av Ayurvedas viktigaste principer, eftersom man sedan l\u00e4nge observerat att obalans och sjukdom ofta uppst\u00e5r i \u00f6verg\u00e5ngen mellan \u00e5rstider. N\u00e4r klimat, ljus och energi [&hellip;]<\/p>\n","protected":false},"author":1,"featured_media":0,"parent":2959,"menu_order":0,"comment_status":"closed","ping_status":"closed","template":"","meta":{"_uag_custom_page_level_css":"","site-sidebar-layout":"default","site-content-layout":"","ast-site-content-layout":"default","site-content-style":"default","site-sidebar-style":"default","ast-global-header-display":"","ast-banner-title-visibility":"","ast-main-header-display":"","ast-hfb-above-header-display":"","ast-hfb-below-header-display":"","ast-hfb-mobile-header-display":"","site-post-title":"","ast-breadcrumbs-content":"","ast-featured-img":"","footer-sml-layout":"","ast-disable-related-posts":"","theme-transparent-header-meta":"","adv-header-id-meta":"","stick-header-meta":"","header-above-stick-meta":"","header-main-stick-meta":"","header-below-stick-meta":"","astra-migrate-meta-layouts":"set","ast-page-background-enabled":"default","ast-page-background-meta":{"desktop":{"background-color":"","background-image":"","background-repeat":"repeat","background-position":"center center","background-size":"auto","background-attachment":"scroll","background-type":"","background-media":"","overlay-type":"","overlay-color":"","overlay-opacity":"","overlay-gradient":""},"tablet":{"background-color":"","background-image":"","background-repeat":"repeat","background-position":"center center","background-size":"auto","background-attachment":"scroll","background-type":"","background-media":"","overlay-type":"","overlay-color":"","overlay-opacity":"","overlay-gradient":""},"mobile":{"background-color":"","background-image":"","background-repeat":"repeat","background-position":"center center","background-size":"auto","background-attachment":"scroll","background-type":"","background-media":"","overlay-type":"","overlay-color":"","overlay-opacity":"","overlay-gradient":""}},"ast-content-background-meta":{"desktop":{"background-color":"var(--ast-global-color-5)","background-image":"","background-repeat":"repeat","background-position":"center center","background-size":"auto","background-attachment":"scroll","background-type":"","background-media":"","overlay-type":"","overlay-color":"","overlay-opacity":"","overlay-gradient":""},"tablet":{"background-color":"var(--ast-global-color-5)","background-image":"","background-repeat":"repeat","background-position":"center center","background-size":"auto","background-attachment":"scroll","background-type":"","background-media":"","overlay-type":"","overlay-color":"","overlay-opacity":"","overlay-gradient":""},"mobile":{"background-color":"var(--ast-global-color-5)","background-image":"","background-repeat":"repeat","background-position":"center center","background-size":"auto","background-attachment":"scroll","background-type":"","background-media":"","overlay-type":"","overlay-color":"","overlay-opacity":"","overlay-gradient":""}},"footnotes":""},"class_list":["post-6365","page","type-page","status-publish","hentry"],"uagb_featured_image_src":{"full":false,"thumbnail":false,"medium":false,"medium_large":false,"large":false,"1536x1536":false,"2048x2048":false,"trp-custom-language-flag":false,"woocommerce_thumbnail":false,"woocommerce_single":false,"woocommerce_gallery_thumbnail":false},"uagb_author_info":{"display_name":"Adam0304","author_link":"https:\/\/ayurvedaflow.se\/en\/author\/adam0304\/"},"uagb_comment_info":0,"uagb_excerpt":"V\u00e5rrening\/detox av kropp och sinne Ritucharya Ayurvedans nyckel till l\u00e5ngsiktig balans 21-dagars traditionella ayurvediska rening Inom Ayurveda kallas l\u00e4ran om att leva i samklang med \u00e5rstiderna f\u00f6r ritucharya.&nbsp; Det \u00e4r en av Ayurvedas viktigaste principer, eftersom man sedan l\u00e4nge observerat att obalans och sjukdom ofta uppst\u00e5r i \u00f6verg\u00e5ngen mellan \u00e5rstider. N\u00e4r klimat, ljus och energi&hellip;","_links":{"self":[{"href":"https:\/\/ayurvedaflow.se\/en\/wp-json\/wp\/v2\/pages\/6365","targetHints":{"allow":["GET"]}}],"collection":[{"href":"https:\/\/ayurvedaflow.se\/en\/wp-json\/wp\/v2\/pages"}],"about":[{"href":"https:\/\/ayurvedaflow.se\/en\/wp-json\/wp\/v2\/types\/page"}],"author":[{"embeddable":true,"href":"https:\/\/ayurvedaflow.se\/en\/wp-json\/wp\/v2\/users\/1"}],"replies":[{"embeddable":true,"href":"https:\/\/ayurvedaflow.se\/en\/wp-json\/wp\/v2\/comments?post=6365"}],"version-history":[{"count":33,"href":"https:\/\/ayurvedaflow.se\/en\/wp-json\/wp\/v2\/pages\/6365\/revisions"}],"predecessor-version":[{"id":6667,"href":"https:\/\/ayurvedaflow.se\/en\/wp-json\/wp\/v2\/pages\/6365\/revisions\/6667"}],"up":[{"embeddable":true,"href":"https:\/\/ayurvedaflow.se\/en\/wp-json\/wp\/v2\/pages\/2959"}],"wp:attachment":[{"href":"https:\/\/ayurvedaflow.se\/en\/wp-json\/wp\/v2\/media?parent=6365"}],"curies":[{"name":"wp","href":"https:\/\/api.w.org\/{rel}","templated":true}]}}