{"id":6302,"date":"2026-03-04T09:08:38","date_gmt":"2026-03-04T09:08:38","guid":{"rendered":"https:\/\/ayurvedaflow.se\/?page_id=6302"},"modified":"2026-03-04T09:26:39","modified_gmt":"2026-03-04T09:26:39","slug":"mentorskap","status":"publish","type":"page","link":"https:\/\/ayurvedaflow.se\/en\/mentorskap\/","title":{"rendered":"Mentorskap"},"content":{"rendered":"<div class=\"wp-block-uagb-container uagb-block-e5f3fb48 alignfull uagb-is-root-container\"><div class=\"uagb-container-inner-blocks-wrap\">\n<div class=\"wp-block-uagb-container uagb-block-a8893845\"><\/div>\n\n\n\n<div class=\"wp-block-uagb-container uagb-block-3b00d6c6\"><\/div>\n\n\n\n<p><\/p>\n\n\n\n<p><\/p>\n\n\n\n<p><\/p>\n\n\n\n<p><\/p>\n\n\n\n<div class=\"wp-block-uagb-advanced-heading uagb-block-46048662\"><h2 class=\"uagb-heading-text\">Mentorskap<\/h2><\/div>\n\n\n\n<p><\/p>\n\n\n\n<div class=\"wp-block-uagb-advanced-heading uagb-block-e1376247\"><h5 class=\"uagb-heading-text\">F\u00f6r dig som vill f\u00f6rdjupa och f\u00f6rankra ditt kall<\/h5><\/div>\n\n\n\n<p><\/p>\n\n\n\n<p><\/p>\n\n\n\n<div class=\"wp-block-uagb-container uagb-block-af9bf207\"><div class=\"uagb-container__shape uagb-container__shape-bottom uagb-container__invert\" data-negative=\"false\"><svg xmlns=\"https:\/\/www.w3.org\/2000\/svg\" viewbox=\"0 0 1000 100\" preserveaspectratio=\"none\"><path class=\"uagb-container__shape-fill\" d=\"M1000,4.3V0H0v4.3C0.9,23.1,126.7,99.2,500,100S1000,22.7,1000,4.3z\"><\/path><\/svg><\/div><\/div>\n\n\n\n<p><\/p>\n\n\n\n<p><\/p>\n\n\n\n<p><\/p>\n\n\n\n<div class=\"wp-block-uagb-container uagb-block-9ea14375\">\n<p style=\"text-align: left;\">Med \u00f6ver 40 \u00e5rs erfarenhet inom den holistiska h\u00e4lsor\u00f6relsen, 17 \u00e5r som yogal\u00e4rare och l\u00e5ng f\u00f6rdjupning inom ayurveda erbjuder jag ett mentorskap som en del av min Seva, en tj\u00e4nst i \u00f6dmjukhet och k\u00e4rlek till traditionen och till dig som vandrar denna v\u00e4g.<\/p>\n<p style=\"text-align: left;\"><strong>Detta mentorskap riktar sig till:<\/strong><br \/>Ayurvediska h\u00e4lsor\u00e5dgivare<br \/>Yogal\u00e4rare (verksamma eller under utbildning)<br \/>Dig som verkar inom andra holistiska traditioner<br \/>Dig som \u00e4r under p\u00e5g\u00e5ende utbildning och s\u00f6ker st\u00f6d, f\u00f6rdjupning och v\u00e4gledning<\/p>\n<p style=\"text-align: left;\"><strong>Vad mentorskapet kan ge dig<br \/><\/strong>Detta \u00e4r inte coaching f\u00f6r prestation, utan v\u00e4gledning f\u00f6r f\u00f6rankring.<\/p>\n<p style=\"text-align: left;\">Du f\u00e5r st\u00f6d i att:<br \/>F\u00f6rdjupa din f\u00f6rst\u00e5else av ayurveda och yogans filosofi i praktiken<br \/>Integrera kunskapen i ditt eget liv och d\u00e4rigenom i ditt arbete<br \/>Hitta trygghet i din roll som v\u00e4gledare<br \/>Navigera etiska fr\u00e5gor, elevrelationer och gr\u00e4nss\u00e4ttning<br \/>Bygga en verksamhet i linje med dina v\u00e4rderingar<br \/>F\u00f6rdjupa din egen sadhana och inre stabilitet<\/p>\n<p style=\"text-align: left;\">Mentorskapet formas efter dina behov och kan inneh\u00e5lla samtal, reflektion, textstudier, praktisk v\u00e4gledning och andlig f\u00f6rdjupning.<\/p>\n<p style=\"text-align: left;\"><strong>Form<br \/><\/strong><span style=\"font-size: revert;\">Individuella samtal (online eller p\u00e5 plats)<br \/><\/span>60\u201390 minuter per tillf\u00e4lle<br \/>M\u00f6jlighet till l\u00f6pande mentorskap eller enstaka sessioner<\/p>\n<p><strong style=\"font-size: revert;\">Investment<br \/><\/strong>Detta erbjuds till ett reducerat pris som en del av min Seva med syfte att st\u00f6tta n\u00e4sta generation b\u00e4rare av holistisk kunskap. Du betalar 400 kronor f\u00f6r en enstaka session. Tr\u00e4ffas vi \u00e5terkommande g\u00f6r vi upp ett pris f\u00f6r det.<\/p>\n<p style=\"text-align: left;\">Om detta l\u00e5ter som n\u00e5got f\u00f6r dig, skicka ett mejl till <a href=\"mailto:marie@ayurvedaflow.se\">marie@ayurvedaflow.se<\/a> s\u00e5 hittar vi en tid som passar.\u00a0<\/p>\n<p>Med V\u00e4rme<br \/>\/Marie\u00a0<br \/>Ayurvedaflow &amp; V\u00e5ga Yoga Nu\u00a0<\/p>\n<p>\u00a0<\/p>\n<p>\u00a0<\/p>\n<\/div>\n<\/div><\/div>","protected":false},"excerpt":{"rendered":"<p>Mentorskap F\u00f6r dig som vill f\u00f6rdjupa och f\u00f6rankra ditt kall Med \u00f6ver 40 \u00e5rs erfarenhet inom den holistiska h\u00e4lsor\u00f6relsen, 17 \u00e5r som yogal\u00e4rare och l\u00e5ng f\u00f6rdjupning inom ayurveda erbjuder jag ett mentorskap som en del av min Seva, en tj\u00e4nst i \u00f6dmjukhet och k\u00e4rlek till traditionen och till dig som vandrar denna v\u00e4g. Detta mentorskap [&hellip;]<\/p>\n","protected":false},"author":1,"featured_media":0,"parent":0,"menu_order":0,"comment_status":"closed","ping_status":"closed","template":"","meta":{"_uag_custom_page_level_css":"","site-sidebar-layout":"default","site-content-layout":"","ast-site-content-layout":"default","site-content-style":"default","site-sidebar-style":"default","ast-global-header-display":"","ast-banner-title-visibility":"","ast-main-header-display":"","ast-hfb-above-header-display":"","ast-hfb-below-header-display":"","ast-hfb-mobile-header-display":"","site-post-title":"","ast-breadcrumbs-content":"","ast-featured-img":"","footer-sml-layout":"","ast-disable-related-posts":"","theme-transparent-header-meta":"","adv-header-id-meta":"","stick-header-meta":"","header-above-stick-meta":"","header-main-stick-meta":"","header-below-stick-meta":"","astra-migrate-meta-layouts":"set","ast-page-background-enabled":"default","ast-page-background-meta":{"desktop":{"background-color":"","background-image":"","background-repeat":"repeat","background-position":"center center","background-size":"auto","background-attachment":"scroll","background-type":"","background-media":"","overlay-type":"","overlay-color":"","overlay-opacity":"","overlay-gradient":""},"tablet":{"background-color":"","background-image":"","background-repeat":"repeat","background-position":"center center","background-size":"auto","background-attachment":"scroll","background-type":"","background-media":"","overlay-type":"","overlay-color":"","overlay-opacity":"","overlay-gradient":""},"mobile":{"background-color":"","background-image":"","background-repeat":"repeat","background-position":"center center","background-size":"auto","background-attachment":"scroll","background-type":"","background-media":"","overlay-type":"","overlay-color":"","overlay-opacity":"","overlay-gradient":""}},"ast-content-background-meta":{"desktop":{"background-color":"var(--ast-global-color-5)","background-image":"","background-repeat":"repeat","background-position":"center center","background-size":"auto","background-attachment":"scroll","background-type":"","background-media":"","overlay-type":"","overlay-color":"","overlay-opacity":"","overlay-gradient":""},"tablet":{"background-color":"var(--ast-global-color-5)","background-image":"","background-repeat":"repeat","background-position":"center center","background-size":"auto","background-attachment":"scroll","background-type":"","background-media":"","overlay-type":"","overlay-color":"","overlay-opacity":"","overlay-gradient":""},"mobile":{"background-color":"var(--ast-global-color-5)","background-image":"","background-repeat":"repeat","background-position":"center center","background-size":"auto","background-attachment":"scroll","background-type":"","background-media":"","overlay-type":"","overlay-color":"","overlay-opacity":"","overlay-gradient":""}},"footnotes":""},"class_list":["post-6302","page","type-page","status-publish","hentry"],"uagb_featured_image_src":{"full":false,"thumbnail":false,"medium":false,"medium_large":false,"large":false,"1536x1536":false,"2048x2048":false,"trp-custom-language-flag":false,"woocommerce_thumbnail":false,"woocommerce_single":false,"woocommerce_gallery_thumbnail":false},"uagb_author_info":{"display_name":"Adam0304","author_link":"https:\/\/ayurvedaflow.se\/en\/author\/adam0304\/"},"uagb_comment_info":0,"uagb_excerpt":"Mentorskap F\u00f6r dig som vill f\u00f6rdjupa och f\u00f6rankra ditt kall Med \u00f6ver 40 \u00e5rs erfarenhet inom den holistiska h\u00e4lsor\u00f6relsen, 17 \u00e5r som yogal\u00e4rare och l\u00e5ng f\u00f6rdjupning inom ayurveda erbjuder jag ett mentorskap som en del av min Seva, en tj\u00e4nst i \u00f6dmjukhet och k\u00e4rlek till traditionen och till dig som vandrar denna v\u00e4g. Detta mentorskap&hellip;","_links":{"self":[{"href":"https:\/\/ayurvedaflow.se\/en\/wp-json\/wp\/v2\/pages\/6302","targetHints":{"allow":["GET"]}}],"collection":[{"href":"https:\/\/ayurvedaflow.se\/en\/wp-json\/wp\/v2\/pages"}],"about":[{"href":"https:\/\/ayurvedaflow.se\/en\/wp-json\/wp\/v2\/types\/page"}],"author":[{"embeddable":true,"href":"https:\/\/ayurvedaflow.se\/en\/wp-json\/wp\/v2\/users\/1"}],"replies":[{"embeddable":true,"href":"https:\/\/ayurvedaflow.se\/en\/wp-json\/wp\/v2\/comments?post=6302"}],"version-history":[{"count":9,"href":"https:\/\/ayurvedaflow.se\/en\/wp-json\/wp\/v2\/pages\/6302\/revisions"}],"predecessor-version":[{"id":6312,"href":"https:\/\/ayurvedaflow.se\/en\/wp-json\/wp\/v2\/pages\/6302\/revisions\/6312"}],"wp:attachment":[{"href":"https:\/\/ayurvedaflow.se\/en\/wp-json\/wp\/v2\/media?parent=6302"}],"curies":[{"name":"wp","href":"https:\/\/api.w.org\/{rel}","templated":true}]}}