{"id":6261,"date":"2026-02-09T09:58:53","date_gmt":"2026-02-09T09:58:53","guid":{"rendered":"https:\/\/ayurvedaflow.se\/?page_id=6261"},"modified":"2026-03-05T09:49:20","modified_gmt":"2026-03-05T09:49:20","slug":"sasongsanpassade-cleanser","status":"publish","type":"page","link":"https:\/\/ayurvedaflow.se\/en\/sasongsanpassade-cleanser\/","title":{"rendered":"Sasongsanpassade cleanser"},"content":{"rendered":"<div class=\"wp-block-uagb-container uagb-block-a9299d92 alignfull uagb-is-root-container\"><div class=\"uagb-container-inner-blocks-wrap\">\n<div class=\"wp-block-uagb-container uagb-block-4dbb2bab\"><\/div>\n\n\n\n<div class=\"wp-block-uagb-container uagb-block-50a7b55a\"><\/div>\n\n\n\n<p><\/p>\n\n\n\n<p><\/p>\n\n\n\n<p><\/p>\n\n\n\n<div class=\"wp-block-uagb-advanced-heading uagb-block-597a1a8b\"><h2 class=\"uagb-heading-text\"><strong>S\u00e4songsanpassade cleanser<\/strong><\/h2><\/div>\n\n\n\n<div class=\"wp-block-uagb-advanced-heading uagb-block-66ed38cd\"><h5 class=\"uagb-heading-text\"><br><em>Att leva i takt med kroppens och naturens rytm<\/em> <\/h5><\/div>\n\n\n\n<p><\/p>\n\n\n\n<div class=\"wp-block-uagb-container uagb-block-f45288b3\"><div class=\"uagb-container__shape uagb-container__shape-bottom uagb-container__invert\" data-negative=\"false\"><svg xmlns=\"https:\/\/www.w3.org\/2000\/svg\" viewbox=\"0 0 1000 100\" preserveaspectratio=\"none\"><path class=\"uagb-container__shape-fill\" d=\"M1000,4.3V0H0v4.3C0.9,23.1,126.7,99.2,500,100S1000,22.7,1000,4.3z\"><\/path><\/svg><\/div><\/div>\n\n\n\n<p><\/p>\n\n\n\n<p><\/p>\n\n\n\n<div class=\"wp-block-uagb-container uagb-block-96fad7e5\">\n<p class=\"p1\">Redan Hippokrates betraktade ett liv i samklang med \u00e5rstiderna som grunden f\u00f6r god h\u00e4lsa och menade att den som vill f\u00f6rst\u00e5 medicin f\u00f6rst m\u00e5ste f\u00f6rst\u00e5 naturens rytmer. han skrev:<br \/><i>\u201dDen som vill studera medicin p\u00e5 r\u00e4tt s\u00e4tt b\u00f6r f\u00f6rst och fr\u00e4mst betrakta \u00e5rstiderna och vilken verkan var och en av dem har.\u201d<\/i><\/p>\n<p>Inom Ayurveda har denna insikt funnits i tusentals \u00e5r. N\u00e4r kroppen lever i takt med \u00e5rstiderna skapas f\u00f6ruts\u00e4ttningar f\u00f6r balans, motst\u00e5ndskraft och l\u00e5ngsiktig h\u00e4lsa.<\/p>\n<p>Modern forskning b\u00f6rjar idag allt tydligare bekr\u00e4fta detta syns\u00e4tt. M\u00e4nniskan \u00e4r biologiskt skapad f\u00f6r att leva i samspel med naturens rytmer. Kroppen \u00e4r dynamisk och anpassar sig st\u00e4ndigt till f\u00f6r\u00e4ndringar i ljus, temperatur, kost och dygnsrytm. I centrum f\u00f6r denna anpassning finns matsm\u00e4ltningssystemet, magen och tarmen, som ofta kallas kroppens \u201dandra hj\u00e4rna\u201d.<\/p>\n<p>Tarmen rymmer ett avancerat nervsystem och en levande bakterieflora som kommunicerar direkt med hj\u00e4rnan via tarm\u2013hj\u00e4rna-axeln. H\u00e4r produceras en stor del av v\u00e5ra v\u00e4lm\u00e5ende hormoner, s\u00e5som serotonin, och h\u00e4r finns omkring 70 procent av v\u00e5rt immunf\u00f6rsvar.<span class=\"Apple-converted-space\">\u00a0<br \/><\/span>N\u00e4r tarmen \u00e4r i balans p\u00e5verkas inte bara matsm\u00e4ltningen, utan \u00e4ven hum\u00f6r, energi, stresst\u00e5lighet, s\u00f6mn och mental klarhet.<\/p>\n<p class=\"p1\">Recent research also shows that the gut microbiome is seasonal. Different bacterial strains dominate at different times of the year, depending on food availability, fiber variety, daylight, temperature, and activity levels. Our physiology is simply designed for variation, not the same demands year-round.<\/p>\n<p><b>Den moderna kosten \u00e4r ett avbrott i kroppens naturliga rytm <br \/><\/b>I dagens samh\u00e4lle \u00e4ter m\u00e5nga i stort sett samma kost \u00e5ret om, ofta med en h\u00f6g andel helfabrikat och ultraprocessade livsmedel. Dessa livsmedel \u00e4r ofta:<\/p>\n<p class=\"p2\">\u00b7\u00a0\u00a0\u00a0\u00a0\u00a0 n\u00e4ringsfattiga<br \/>\u00b7\u00a0\u00a0\u00a0\u00a0\u00a0 fiber fattiga eller inneh\u00e5ller ensidiga fibrer<br \/>\u00a0 \u00a0 \u00a0 \u00a0 kemiskt stabila men biologiskt \u201dstatiska\u201d<\/p>\n<p>N\u00e4r kosten inte f\u00f6r\u00e4ndras med \u00e5rstiderna f\u00e5r tarmfloran inte de signaler och den variation den beh\u00f6ver f\u00f6r att naturligt skifta sammans\u00e4ttning \u2013 n\u00e5got v\u00e5r fysiologi egentligen \u00e4r anpassad f\u00f6r. Resultatet kan bli en mer ensidig bakterieflora, s\u00e4mre anpassningsf\u00f6rm\u00e5ga och \u00f6kad risk f\u00f6r:<\/p>\n<p class=\"p2\">\u00b7\u00a0\u00a0\u00a0\u00a0\u00a0 inflammation<br \/>\u00b7\u00a0\u00a0\u00a0\u00a0\u00a0 tr\u00f6g matsm\u00e4ltning<br \/><span style=\"font-size: revert; background-color: var(--ast-global-color-5);\">\u00b7\u00a0\u00a0\u00a0\u00a0\u00a0 hormonell obalans<br \/><\/span><span style=\"font-size: revert; background-color: var(--ast-global-color-5);\">\u00b7\u00a0\u00a0\u00a0\u00a0\u00a0 nedsatt immunf\u00f6rsvar<br \/><\/span>\u00b7\u00a0\u00a0\u00a0\u00a0\u00a0 mental och emotionell obalans<\/p>\n<p class=\"p1\">Med andra ord: n\u00e4r vi lever som om det vore samma \u00e5rstid hela \u00e5ret, tappar kroppen sin naturliga rytm.<\/p>\n<p><b>Ritucharya \u2013 Ayurvedas nyckel till l\u00e5ngsiktig balans<br \/><\/b>Inom Ayurveda kallas l\u00e4ran om att leva i samklang med \u00e5rstiderna f\u00f6r <i>ritucharya<\/i>.\u00a0 Det \u00e4r en av Ayurvedas viktigaste principer, eftersom man sedan l\u00e4nge observerat att obalans och sjukdom ofta uppst\u00e5r i \u00f6verg\u00e5ngen mellan \u00e5rstider.<br \/><span style=\"font-size: revert; background-color: var(--ast-global-color-5);\">N\u00e4r klimat, ljus och energi skiftar snabbt, men kosten och livsstilen f\u00f6rblir of\u00f6r\u00e4ndrade, hinner kroppen inte anpassa sig. Doshorna, vata, pitta och kapha, kan d\u00e5 ackumuleras och skapa stagnation, irritation eller instabilitet. I moderna termer kan detta visa sig som:<\/span><\/p>\n<p class=\"p1\">\u00b7\u00a0\u00a0\u00a0\u00a0\u00a0 rubbad tarmflora<br \/><span style=\"font-size: revert; background-color: var(--ast-global-color-5);\">\u00b7\u00a0\u00a0\u00a0\u00a0\u00a0 s\u00e4nkt matsm\u00e4ltningskapacitet<br \/><\/span><span style=\"font-size: revert; background-color: var(--ast-global-color-5);\">\u00b7\u00a0\u00a0\u00a0\u00a0\u00a0 l\u00e5g gradig inflammation<br \/><\/span>\u00b7\u00a0\u00a0\u00a0\u00a0\u00a0 hormonella och emotionella sv\u00e4ngningar<br \/>\u00b7\u00a0\u00a0\u00a0\u00a0\u00a0 oro och \u00e5ngest<\/p>\n<p class=\"p1\">Ritucharya is about consciously supporting the body\u2019s seasonal transitions instead of letting imbalances accumulate unnoticed.<\/p>\n<p><b style=\"font-size: revert; background-color: var(--ast-global-color-5);\">Varf\u00f6r v\u00e5r och h\u00f6st \u00e4r de viktigaste tiderna f\u00f6r rening<\/b><\/p>\n<p class=\"p1\">Spring and autumn are the most powerful transitional periods of the year, according to both Ayurveda and modern research.<\/p>\n<p class=\"p2\"><b>V\u00e5ren<\/b> \u00e4r en tid d\u00e5 kroppen naturligt vill sl\u00e4ppa vinteransamlingar som tyngd, stagnation och slem. Tarmfloran och immunf\u00f6rsvaret \u00e4r redo f\u00f6r omst\u00e4llning, men beh\u00f6ver r\u00e4tt f\u00f6ruts\u00e4ttningar f\u00f6r att g\u00f6ra det varsamt.<\/p>\n<p><b>H\u00f6sten<\/b> inneb\u00e4r \u00f6kad r\u00f6rlighet och f\u00f6r\u00e4ndring i naturen, vilket p\u00e5verkar nervsystemet. Utan st\u00f6d kan detta leda till stress, oro, torrhet och energil\u00e4ckage.<\/p>\n<p>Ayurveda rekommenderar d\u00e4rf\u00f6r s\u00e4songsanpassade reningar \u2013 cleanser \u2013 just under dessa perioder. En ayurvedisk cleanser \u00e4r inte en snabb detox, utan en genomt\u00e4nkt och skonsam process som:<\/p>\n<p>\u00b7\u00a0\u00a0\u00a0\u00a0\u00a0 ger tarmen m\u00f6jlighet att \u00e5terst\u00e4lla sin naturliga variation<br \/>\u00b7\u00a0\u00a0\u00a0\u00a0\u00a0 st\u00f6djer kroppens egna avgiftningssystem<br \/><span style=\"font-size: revert; background-color: var(--ast-global-color-5);\">\u00b7\u00a0\u00a0\u00a0\u00a0\u00a0 st\u00e4rker matsm\u00e4ltning och immunf\u00f6rsvar<br \/><\/span>\u00b7\u00a0\u00a0\u00a0\u00a0\u00a0 lugnar nervsystemet<br \/>\u00b7\u00a0\u00a0\u00a0\u00a0\u00a0 hj\u00e4lper kroppen att byta \u201ds\u00e4song\u201d \u00e4ven p\u00e5 insidan<\/p>\n<p class=\"p2\"><b>Mer \u00e4n en fysisk rening<br \/><\/b>En s\u00e4songsanpassad cleanser handlar inte om att pressa kroppen, utan om att \u00e5terst\u00e4lla dess biologiska intelligens. N\u00e4r kosten f\u00f6renklas, rytmen blir tydligare och belastningen minskar, skapas utrymme f\u00f6r b\u00e5de fysisk, mental och emotionell \u00e5terh\u00e4mtning.<\/p>\n<p>Att f\u00f6lja ritucharya \u00e4r att samarbeta med naturen, inte motarbeta den. V\u00e5ra s\u00e4songsanpassade cleanser p\u00e5 v\u00e5ren och h\u00f6sten \u00e4r utformade f\u00f6r att st\u00f6dja denna naturliga omst\u00e4llning, s\u00e5 att du kan m\u00f6ta varje ny \u00e5rstid med mer l\u00e4tthet, stabilitet och livskraft.<\/p>\n<p><b>V\u00e5ra s\u00e4songsanpassade cleanses erbjuds i rytm med naturen<br \/><\/b>F\u00f6r att st\u00f6dja kroppens naturliga omst\u00e4llning genom \u00e5ret erbjuder vi tv\u00e5\u00a0<b>ayurvediska s\u00e4songs\u00adcleanser, <\/b>\u00a0en p\u00e5 <b>v\u00e5ren<\/b>\u00a0och en p\u00e5\u00a0<b>h\u00f6sten<\/b>. B\u00e5da \u00e4r utformade enligt principen\u00a0<i>ritucharya<\/i>,\u00a0 d\u00e4r kroppen stegvis f\u00e5r sl\u00e4ppa det som tillh\u00f6r den g\u00e5ngna s\u00e4songen och f\u00f6rbereda sig f\u00f6r den nya.<\/p>\n<p class=\"p1\"><strong>V\u00e5rcleanse, att rensa ut kapha \u00f6verskott<span class=\"Apple-converted-space\"> <br \/><\/span><\/strong><span style=\"font-size: revert; background-color: var(--ast-global-color-5);\">Startar med en<\/span><strong style=\"font-size: revert; background-color: var(--ast-global-color-5);\"> Kick-off den 18 april kl. 10.00\u201311.15<\/strong><span style=\"font-size: revert; background-color: var(--ast-global-color-5);\"> (online)<br \/>Information om v\u00e5rens cleans finns under aktuellt.<\/span><\/p>\n<p class=\"p1\"><strong>H\u00f6stcleanse, att rensa ut Pitta \u00f6verskott<span class=\"Apple-converted-space\">\u00a0<br \/><\/span><\/strong>Start i september\u00a0(datum kommer)<\/p>\n\n\n\n<div class=\"wp-block-uagb-buttons uagb-buttons__outer-wrap uagb-btn__medium-btn uagb-btn-tablet__default-btn uagb-btn-mobile__default-btn uagb-block-9e008ed3\"><div class=\"uagb-buttons__wrap uagb-buttons-layout-wrap\">\n<div class=\"wp-block-uagb-buttons-child uagb-buttons__outer-wrap uagb-block-a7f74f28 wp-block-button\"><div class=\"uagb-button__wrapper\"><a class=\"uagb-buttons-repeater wp-block-button__link\" aria-label=\"\" href=\"http:\/\/www.bokadirekt.se\/places\/vaga-yoga-nu-ayurveda-flow-i-vasteras-28358\" rel=\"follow noopener\" target=\"_blank\" role=\"button\"><div class=\"uagb-button__link\">Boka <\/div><span class=\"uagb-button__icon uagb-button__icon-position-after\"><svg xmlns=\"https:\/\/www.w3.org\/2000\/svg\" viewbox=\"0 0 448 512\" aria-hidden=\"true\" focussable=\"false\"><path d=\"M438.6 278.6l-160 160C272.4 444.9 264.2 448 256 448s-16.38-3.125-22.62-9.375c-12.5-12.5-12.5-32.75 0-45.25L338.8 288H32C14.33 288 .0016 273.7 .0016 256S14.33 224 32 224h306.8l-105.4-105.4c-12.5-12.5-12.5-32.75 0-45.25s32.75-12.5 45.25 0l160 160C451.1 245.9 451.1 266.1 438.6 278.6z\"><\/path><\/svg><\/span><\/a><\/div><\/div>\n<\/div><\/div>\n\n\n\n<p><\/p>\n\n\n\n<p><\/p>\n\n\n\n<p><\/p>\n<\/div>\n<\/div><\/div>","protected":false},"excerpt":{"rendered":"<p>S\u00e4songsanpassade cleanser Att leva i takt med kroppens och naturens rytm Redan Hippokrates betraktade ett liv i samklang med \u00e5rstiderna som grunden f\u00f6r god h\u00e4lsa och menade att den som vill f\u00f6rst\u00e5 medicin f\u00f6rst m\u00e5ste f\u00f6rst\u00e5 naturens rytmer. han skrev:\u201dDen som vill studera medicin p\u00e5 r\u00e4tt s\u00e4tt b\u00f6r f\u00f6rst och fr\u00e4mst betrakta \u00e5rstiderna och vilken [&hellip;]<\/p>\n","protected":false},"author":1,"featured_media":0,"parent":0,"menu_order":0,"comment_status":"closed","ping_status":"closed","template":"","meta":{"_uag_custom_page_level_css":"","site-sidebar-layout":"default","site-content-layout":"","ast-site-content-layout":"default","site-content-style":"default","site-sidebar-style":"default","ast-global-header-display":"","ast-banner-title-visibility":"","ast-main-header-display":"","ast-hfb-above-header-display":"","ast-hfb-below-header-display":"","ast-hfb-mobile-header-display":"","site-post-title":"","ast-breadcrumbs-content":"","ast-featured-img":"","footer-sml-layout":"","ast-disable-related-posts":"","theme-transparent-header-meta":"","adv-header-id-meta":"","stick-header-meta":"","header-above-stick-meta":"","header-main-stick-meta":"","header-below-stick-meta":"","astra-migrate-meta-layouts":"set","ast-page-background-enabled":"default","ast-page-background-meta":{"desktop":{"background-color":"","background-image":"","background-repeat":"repeat","background-position":"center center","background-size":"auto","background-attachment":"scroll","background-type":"","background-media":"","overlay-type":"","overlay-color":"","overlay-opacity":"","overlay-gradient":""},"tablet":{"background-color":"","background-image":"","background-repeat":"repeat","background-position":"center center","background-size":"auto","background-attachment":"scroll","background-type":"","background-media":"","overlay-type":"","overlay-color":"","overlay-opacity":"","overlay-gradient":""},"mobile":{"background-color":"","background-image":"","background-repeat":"repeat","background-position":"center center","background-size":"auto","background-attachment":"scroll","background-type":"","background-media":"","overlay-type":"","overlay-color":"","overlay-opacity":"","overlay-gradient":""}},"ast-content-background-meta":{"desktop":{"background-color":"var(--ast-global-color-5)","background-image":"","background-repeat":"repeat","background-position":"center center","background-size":"auto","background-attachment":"scroll","background-type":"","background-media":"","overlay-type":"","overlay-color":"","overlay-opacity":"","overlay-gradient":""},"tablet":{"background-color":"var(--ast-global-color-5)","background-image":"","background-repeat":"repeat","background-position":"center center","background-size":"auto","background-attachment":"scroll","background-type":"","background-media":"","overlay-type":"","overlay-color":"","overlay-opacity":"","overlay-gradient":""},"mobile":{"background-color":"var(--ast-global-color-5)","background-image":"","background-repeat":"repeat","background-position":"center center","background-size":"auto","background-attachment":"scroll","background-type":"","background-media":"","overlay-type":"","overlay-color":"","overlay-opacity":"","overlay-gradient":""}},"footnotes":""},"class_list":["post-6261","page","type-page","status-publish","hentry"],"uagb_featured_image_src":{"full":false,"thumbnail":false,"medium":false,"medium_large":false,"large":false,"1536x1536":false,"2048x2048":false,"trp-custom-language-flag":false,"woocommerce_thumbnail":false,"woocommerce_single":false,"woocommerce_gallery_thumbnail":false},"uagb_author_info":{"display_name":"Adam0304","author_link":"https:\/\/ayurvedaflow.se\/en\/author\/adam0304\/"},"uagb_comment_info":0,"uagb_excerpt":"S\u00e4songsanpassade cleanser Att leva i takt med kroppens och naturens rytm Redan Hippokrates betraktade ett liv i samklang med \u00e5rstiderna som grunden f\u00f6r god h\u00e4lsa och menade att den som vill f\u00f6rst\u00e5 medicin f\u00f6rst m\u00e5ste f\u00f6rst\u00e5 naturens rytmer. han skrev:\u201dDen som vill studera medicin p\u00e5 r\u00e4tt s\u00e4tt b\u00f6r f\u00f6rst och fr\u00e4mst betrakta \u00e5rstiderna och vilken&hellip;","_links":{"self":[{"href":"https:\/\/ayurvedaflow.se\/en\/wp-json\/wp\/v2\/pages\/6261","targetHints":{"allow":["GET"]}}],"collection":[{"href":"https:\/\/ayurvedaflow.se\/en\/wp-json\/wp\/v2\/pages"}],"about":[{"href":"https:\/\/ayurvedaflow.se\/en\/wp-json\/wp\/v2\/types\/page"}],"author":[{"embeddable":true,"href":"https:\/\/ayurvedaflow.se\/en\/wp-json\/wp\/v2\/users\/1"}],"replies":[{"embeddable":true,"href":"https:\/\/ayurvedaflow.se\/en\/wp-json\/wp\/v2\/comments?post=6261"}],"version-history":[{"count":36,"href":"https:\/\/ayurvedaflow.se\/en\/wp-json\/wp\/v2\/pages\/6261\/revisions"}],"predecessor-version":[{"id":6335,"href":"https:\/\/ayurvedaflow.se\/en\/wp-json\/wp\/v2\/pages\/6261\/revisions\/6335"}],"wp:attachment":[{"href":"https:\/\/ayurvedaflow.se\/en\/wp-json\/wp\/v2\/media?parent=6261"}],"curies":[{"name":"wp","href":"https:\/\/api.w.org\/{rel}","templated":true}]}}