{"id":3224,"date":"2024-05-14T06:10:29","date_gmt":"2024-05-14T06:10:29","guid":{"rendered":"https:\/\/ayurvedaflow.se\/?page_id=3224"},"modified":"2026-04-08T19:09:37","modified_gmt":"2026-04-08T19:09:37","slug":"holistisk-halsokonsultation","status":"publish","type":"page","link":"https:\/\/ayurvedaflow.se\/en\/holistisk-halsokonsultation\/","title":{"rendered":"Holistisk H\u00e4lsoKonsultation"},"content":{"rendered":"<div class=\"wp-block-uagb-container uagb-block-c7ade6ee alignfull uagb-is-root-container\"><div class=\"uagb-container-inner-blocks-wrap\">\n<div class=\"wp-block-uagb-container uagb-block-73057056\">\n<div class=\"wp-block-uagb-container uagb-block-b47be3f0\"><\/div>\n\n\n\n<p><\/p>\n\n\n\n<p><\/p>\n\n\n\n<p><\/p>\n\n\n\n<div class=\"wp-block-uagb-advanced-heading uagb-block-2ee8c02c\"><h2 class=\"uagb-heading-text\">Holistic Health Consultation<\/h2><\/div>\n\n\n\n<p><\/p>\n\n\n\n<p><\/p>\n\n\n\n<div class=\"wp-block-uagb-container uagb-block-8df8b8de\"><div class=\"uagb-container__shape uagb-container__shape-bottom uagb-container__invert\" data-negative=\"false\"><svg xmlns=\"https:\/\/www.w3.org\/2000\/svg\" viewbox=\"0 0 1000 100\" preserveaspectratio=\"none\"><path class=\"uagb-container__shape-fill\" d=\"M1000,4.3V0H0v4.3C0.9,23.1,126.7,99.2,500,100S1000,22.7,1000,4.3z\"><\/path><\/svg><\/div><\/div>\n\n\n\n<p><\/p>\n\n\n\n<p><\/p>\n\n\n\n<p class=\"p1\"><strong><b>Holistic Health<\/b>Consultation<\/strong> ser till hela m\u00e4nniskan,  kropp, sj\u00e4l, k\u00e4nslor och andlighet, f\u00f6r att f\u00f6rst\u00e5 orsaken bakom obalans och skapa verklig f\u00f6r\u00e4ndring.<\/p>\n\n\n\n<p>Instead of focusing solely on symptoms or one aspect of life, holistic health coaching guides you toward insights and lifestyle changes that release energy, joy, and inner harmony.<\/p>\n\n\n\n<p>The health consultation is the first step towards getting to know yourself on all levels, understanding your needs and based on that being able to shape your life the way you want it! <br>When we meet, we begin with an open dialogue where we explore your current situation and different aspects of your lifestyle and daily routines. Together, we reflect on your present circumstances and future goals.<\/p>\n\n\n\n<ul class=\"wp-block-list\">\n<li>What is important to you?<\/li>\n\n\n\n<li>What does your ideal physical, mental, emotional, and spiritual health look like in one, five, or ten years?<br><\/li>\n<\/ul>\n\n\n\n<p>With this insight as our foundation, we create a personalized health plan with guidance and recommendations tailored to your unique needs and goals.<\/p>\n\n\n\n<p class=\"p1\">These recommendations can be diverse and may include diet, daily routines, rest, mental training, lifestyle adjustments, yoga, meditation, cooking tips, fun activities, breathing techniques, and herbal remedies.<\/p>\n\n\n\n<p>Every individual is unique, so there is no one-size-fits-all outcome from our sessions. <br>Marie adapts to your personal situation and background, whether you are new to holistic approaches or already have experience as a therapist, yoga teacher, spiritual guide, or Ayurvedic health advisor.<\/p>\n\n\n\n<p>When you have booked an appointment for Holistic Health Consultation, it is Marie you will meet. In addition to having extensive knowledge in holistic health and healing techniques, Marie is also academically trained in guidance. She has previously worked for many years professionally to guide and coach people who have found themselves at crossroads in life.<\/p>\n\n\n\n<p><b>Investment:&nbsp;<\/b>Vid f\u00f6rsta bes\u00f6ker betalar du 890 kr och skulle du vilja ha ett uppf\u00f6ljningsbes\u00f6ket inom 5 veckor betalar du 340 kronor f\u00f6r den.<br>Heltidsstudenter, l\u00e5ngtidssjukskrivna eller arbetsl\u00f6sa och pension\u00e4rer erh\u00e5ller ca 20% rabatt och betalar 720 kronor vid f\u00f6rsta bes\u00f6ket och 250 kronor om du vill ha en uppf\u00f6ljningen inom 5 veckor.<br>When booking, please mention in your message that you are eligible for the 20% discount.<\/p>\n\n\n\n<p class=\"has-text-align-center p3\">Holistisk H\u00e4lsokonsultation erbjuds b\u00e5de p\u00e5 plats och digitalt via zoom.<\/p>\n\n\n\n<div class=\"wp-block-uagb-buttons uagb-buttons__outer-wrap uagb-btn__default-btn uagb-btn-tablet__default-btn uagb-btn-mobile__default-btn uagb-block-1a54e834\"><div class=\"uagb-buttons__wrap uagb-buttons-layout-wrap\">\n<div class=\"wp-block-uagb-buttons-child uagb-buttons__outer-wrap uagb-block-52cde36e wp-block-button\"><div class=\"uagb-button__wrapper\"><a class=\"uagb-buttons-repeater wp-block-button__link\" aria-label=\"\" href=\"http:\/\/www.bokadirekt.se\/places\/ayurveda-flow-vaga-yoga-nu-i-vasteras-28358\" rel=\"follow noopener\" target=\"_blank\" role=\"button\"><div class=\"uagb-button__link\">Boka en tid <\/div><\/a><\/div><\/div>\n<\/div><\/div>\n\n\n\n<p><\/p>\n\n\n\n<p><\/p>\n\n\n\n<p><\/p>\n\n\n\n<p><\/p>\n<\/div>\n<\/div><\/div>","protected":false},"excerpt":{"rendered":"<p>Holistisk H\u00e4lsokonsultation Holistisk h\u00e4lsokonsultation ser till hela m\u00e4nniskan, kropp, sj\u00e4l, k\u00e4nslor och andlighet, f\u00f6r att f\u00f6rst\u00e5 orsaken bakom obalans och skapa verklig f\u00f6r\u00e4ndring. Ist\u00e4llet f\u00f6r att enbart fokusera p\u00e5 symtom eller en del av livet, v\u00e4gleder den till insikter och livsstilsf\u00f6r\u00e4ndringar som frig\u00f6r energi, gl\u00e4dje och inre harmoni. H\u00e4lsokonsultationen \u00e4r f\u00f6rsta steget mot att l\u00e4ra [&hellip;]<\/p>\n","protected":false},"author":1,"featured_media":0,"parent":0,"menu_order":0,"comment_status":"closed","ping_status":"closed","template":"","meta":{"_uag_custom_page_level_css":"","site-sidebar-layout":"default","site-content-layout":"","ast-site-content-layout":"full-width-container","site-content-style":"boxed","site-sidebar-style":"boxed","ast-global-header-display":"","ast-banner-title-visibility":"","ast-main-header-display":"","ast-hfb-above-header-display":"","ast-hfb-below-header-display":"","ast-hfb-mobile-header-display":"","site-post-title":"disabled","ast-breadcrumbs-content":"","ast-featured-img":"","footer-sml-layout":"","ast-disable-related-posts":"","theme-transparent-header-meta":"","adv-header-id-meta":"","stick-header-meta":"","header-above-stick-meta":"","header-main-stick-meta":"","header-below-stick-meta":"","astra-migrate-meta-layouts":"set","ast-page-background-enabled":"default","ast-page-background-meta":{"desktop":{"background-color":"","background-image":"","background-repeat":"repeat","background-position":"center center","background-size":"auto","background-attachment":"scroll","background-type":"","background-media":"","overlay-type":"","overlay-color":"","overlay-opacity":"","overlay-gradient":""},"tablet":{"background-color":"","background-image":"","background-repeat":"repeat","background-position":"center center","background-size":"auto","background-attachment":"scroll","background-type":"","background-media":"","overlay-type":"","overlay-color":"","overlay-opacity":"","overlay-gradient":""},"mobile":{"background-color":"","background-image":"","background-repeat":"repeat","background-position":"center center","background-size":"auto","background-attachment":"scroll","background-type":"","background-media":"","overlay-type":"","overlay-color":"","overlay-opacity":"","overlay-gradient":""}},"ast-content-background-meta":{"desktop":{"background-color":"var(--ast-global-color-5)","background-image":"","background-repeat":"repeat","background-position":"center center","background-size":"auto","background-attachment":"scroll","background-type":"","background-media":"","overlay-type":"","overlay-color":"","overlay-opacity":"","overlay-gradient":""},"tablet":{"background-color":"var(--ast-global-color-5)","background-image":"","background-repeat":"repeat","background-position":"center center","background-size":"auto","background-attachment":"scroll","background-type":"","background-media":"","overlay-type":"","overlay-color":"","overlay-opacity":"","overlay-gradient":""},"mobile":{"background-color":"var(--ast-global-color-5)","background-image":"","background-repeat":"repeat","background-position":"center center","background-size":"auto","background-attachment":"scroll","background-type":"","background-media":"","overlay-type":"","overlay-color":"","overlay-opacity":"","overlay-gradient":""}},"footnotes":""},"class_list":["post-3224","page","type-page","status-publish","hentry"],"uagb_featured_image_src":{"full":false,"thumbnail":false,"medium":false,"medium_large":false,"large":false,"1536x1536":false,"2048x2048":false,"trp-custom-language-flag":false,"woocommerce_thumbnail":false,"woocommerce_single":false,"woocommerce_gallery_thumbnail":false},"uagb_author_info":{"display_name":"Adam0304","author_link":"https:\/\/ayurvedaflow.se\/en\/author\/adam0304\/"},"uagb_comment_info":0,"uagb_excerpt":"Holistisk H\u00e4lsokonsultation Holistisk h\u00e4lsokonsultation ser till hela m\u00e4nniskan, kropp, sj\u00e4l, k\u00e4nslor och andlighet, f\u00f6r att f\u00f6rst\u00e5 orsaken bakom obalans och skapa verklig f\u00f6r\u00e4ndring. Ist\u00e4llet f\u00f6r att enbart fokusera p\u00e5 symtom eller en del av livet, v\u00e4gleder den till insikter och livsstilsf\u00f6r\u00e4ndringar som frig\u00f6r energi, gl\u00e4dje och inre harmoni. H\u00e4lsokonsultationen \u00e4r f\u00f6rsta steget mot att l\u00e4ra&hellip;","_links":{"self":[{"href":"https:\/\/ayurvedaflow.se\/en\/wp-json\/wp\/v2\/pages\/3224","targetHints":{"allow":["GET"]}}],"collection":[{"href":"https:\/\/ayurvedaflow.se\/en\/wp-json\/wp\/v2\/pages"}],"about":[{"href":"https:\/\/ayurvedaflow.se\/en\/wp-json\/wp\/v2\/types\/page"}],"author":[{"embeddable":true,"href":"https:\/\/ayurvedaflow.se\/en\/wp-json\/wp\/v2\/users\/1"}],"replies":[{"embeddable":true,"href":"https:\/\/ayurvedaflow.se\/en\/wp-json\/wp\/v2\/comments?post=3224"}],"version-history":[{"count":132,"href":"https:\/\/ayurvedaflow.se\/en\/wp-json\/wp\/v2\/pages\/3224\/revisions"}],"predecessor-version":[{"id":6764,"href":"https:\/\/ayurvedaflow.se\/en\/wp-json\/wp\/v2\/pages\/3224\/revisions\/6764"}],"wp:attachment":[{"href":"https:\/\/ayurvedaflow.se\/en\/wp-json\/wp\/v2\/media?parent=3224"}],"curies":[{"name":"wp","href":"https:\/\/api.w.org\/{rel}","templated":true}]}}