{"id":3058,"date":"2024-05-08T12:52:14","date_gmt":"2024-05-08T12:52:14","guid":{"rendered":"https:\/\/ayurvedaflow.se\/?page_id=3058"},"modified":"2026-04-06T12:17:49","modified_gmt":"2026-04-06T12:17:49","slug":"ayurveda-f-welcome","status":"publish","type":"page","link":"https:\/\/ayurvedaflow.se\/en\/startsida\/ayurveda-f-welcome\/","title":{"rendered":"Welcome"},"content":{"rendered":"<div class=\"wp-block-uagb-container uagb-block-1a2a4b05 alignfull uagb-is-root-container\"><div class=\"uagb-container-inner-blocks-wrap\">\n<p style=\"margin-top:0;margin-right:0;margin-bottom:0;padding-top:0;padding-right:0;padding-bottom:0;padding-left:0\"><\/p>\n\n\n\n<header class=\"wp-block-uagb-advanced-heading uagb-block-607d6bdb\"><h2 class=\"uagb-heading-text\">   Glad to have you here <\/h2><\/header>\n<\/div><\/div>\n\n\n\n<div class=\"wp-block-uagb-container uagb-block-2ea5ccf7 alignfull uagb-is-root-container\"><div class=\"uagb-container-inner-blocks-wrap\">\n<div class=\"wp-block-uagb-container uagb-block-b60bba05\">\n<div class=\"wp-block-uagb-container uagb-block-128e5394\">\n<div class=\"wp-block-uagb-image aligncenter uagb-block-2babd685 wp-block-uagb-image--layout-default wp-block-uagb-image--effect-static wp-block-uagb-image--align-center\"><figure class=\"wp-block-uagb-image__figure\"><img loading=\"lazy\" decoding=\"async\" srcset=\"https:\/\/ayurvedaflow.se\/wp-content\/uploads\/2024\/04\/rasayana-1.jpeg ,https:\/\/ayurvedaflow.se\/wp-content\/uploads\/2024\/04\/rasayana-1.jpeg 780w, https:\/\/ayurvedaflow.se\/wp-content\/uploads\/2024\/04\/rasayana-1.jpeg 360w\" sizes=\"auto, (max-width: 480px) 150px\" src=\"https:\/\/ayurvedaflow.se\/wp-content\/uploads\/2024\/04\/rasayana-1.jpeg\" alt=\"\" class=\"uag-image-2815\" width=\"400\" height=\"450\" title=\"rasayana-1\" role=\"img\"\/><\/figure><\/div>\n<\/div>\n<\/div>\n\n\n\n<div class=\"wp-block-uagb-container uagb-block-c6218c09\">\n<div class=\"wp-block-uagb-container uagb-block-792e5e52\">\n<p><\/p>\n\n\n\n<p style=\"padding-left:var(--wp--preset--spacing--50)\">Ayurveda Flow represents a holistic view of health and well-being and is the result of an intertwining of knowledge and experience from the Swedish health movement, years of yoga practice, professional guidance &amp; coaching, deepening within Ayurveda and herbal knowledge, combined with personal yoga, meditation, and spiritual practice.&nbsp;<\/p>\n\n\n\n<p style=\"padding-left:var(--wp--preset--spacing--50)\">By offering a diversity of services and opportunities, Ayurveda Flow aims to help individuals find their holistic path\u2014spiritually, mentally, emotionally, and physically. In a time of change and uncertainty, Ayurveda serves as a source of wisdom and guidance, encouraging each person to seek answers within themselves and explore their own inner journey. While others may act as guides along the way, individuals alone can set boundaries and determine the direction of their lives and how they wish to expend their energy.<\/p>\n\n\n\n<p><\/p>\n\n\n\n<p><\/p>\n<\/div>\n<\/div>\n<\/div><\/div>\n\n\n\n<div class=\"wp-block-uagb-container uagb-block-6cacf04b alignfull uagb-is-root-container\"><div class=\"uagb-container__shape uagb-container__shape-top\"><svg xmlns=\"https:\/\/www.w3.org\/2000\/svg\" viewbox=\"0 0 1000 100\" preserveaspectratio=\"none\"><path class=\"uagb-container__shape-fill\" d=\"M0,6V0h1000v100L0,6z\"><\/path><\/svg><\/div><div class=\"uagb-container-inner-blocks-wrap\"><\/div><\/div>\n\n\n\n<div class=\"wp-block-uagb-container uagb-block-c8979013 alignfull uagb-is-root-container\"><div class=\"uagb-container-inner-blocks-wrap\">\n<div class=\"wp-block-uagb-container uagb-block-3e984d59\"><\/div>\n<\/div><\/div>\n\n\n\n<div class=\"wp-block-uagb-advanced-heading uagb-block-ccb65ced\"><h3 class=\"uagb-heading-text\">Ayurveda &amp; Yoga<\/h3><\/div>\n\n\n\n<div class=\"wp-block-uagb-advanced-heading uagb-block-d56e06a2\"><h4 class=\"uagb-heading-text\">How are they connected?<\/h4><\/div>\n\n\n\n<p><\/p>\n\n\n\n<p><\/p>\n\n\n\n<div class=\"wp-block-uagb-container uagb-block-f852f623 alignfull uagb-is-root-container\"><div class=\"uagb-container-inner-blocks-wrap\">\n<div class=\"wp-block-uagb-container uagb-block-b4497429\">\n<p style=\"padding-left:var(--wp--preset--spacing--60)\">Ayurveda and yoga are sister sciences that evolved together and continuously influenced each other throughout history. Ayurveda is the science of healing for both body and mind. Yoga is the science of Self-realization, which depends on a well-functioning body and mind. Although both disciplines traditionally developed together, most books on yoga in the West barely mention Ayurveda. Conversely, all Ayurvedic books discuss yoga.<\/p>\n\n\n\n<p style=\"padding-left:var(--wp--preset--spacing--60)\">Ayurveda and yoga are much more than just physical healing systems or physical exercises, as we tend to view them today, however important these aspects may be. <\/p>\n\n\n\n<p style=\"padding-left:var(--wp--preset--spacing--60)\">Both Ayurveda and classical yoga consider the whole person, which encompasses not just the body but also the mind and spirit. Both address all our needs\u2014from physical health and well-being to the development of our higher consciousness and self-awareness of who we are.<span class=\"Apple-converted-space\">&nbsp;<\/span><\/p>\n\n\n\n<p style=\"padding-left:var(--wp--preset--spacing--60)\">Ayurveda and yoga address all aspects of our nature, which includes not only physical health but also mental, emotional, and spiritual well-being.<span class=\"Apple-converted-space\">&nbsp; <\/span>alla aspekter av v\u00e5r natur, vilket inkluderar inte bara fysisk h\u00e4lsa utan ocks\u00e5 mental, emotionell och andlig h\u00e4lsa.<span class=\"Apple-converted-space\">&nbsp;<\/span><\/p>\n\n\n\n<p style=\"padding-left:var(--wp--preset--spacing--60)\">Together, they contain teachings for all types of individuals and all types of life situations. As such, you can find the right teachings and practices for your unique nature and life circumstances.<\/p>\n<\/div>\n\n\n\n<div class=\"wp-block-uagb-container uagb-block-c6447358\">\n<div class=\"wp-block-uagb-image aligncenter uagb-block-17141bff wp-block-uagb-image--layout-default wp-block-uagb-image--effect-static wp-block-uagb-image--align-center\"><figure class=\"wp-block-uagb-image__figure\"><img loading=\"lazy\" decoding=\"async\" srcset=\"https:\/\/ayurvedaflow.se\/wp-content\/uploads\/2024\/05\/default-293x300.jpeg ,https:\/\/ayurvedaflow.se\/wp-content\/uploads\/2024\/05\/default.jpeg 780w, https:\/\/ayurvedaflow.se\/wp-content\/uploads\/2024\/05\/default.jpeg 360w\" sizes=\"auto, (max-width: 480px) 150px\" src=\"https:\/\/ayurvedaflow.se\/wp-content\/uploads\/2024\/05\/default-293x300.jpeg\" alt=\"\" class=\"uag-image-3079\" width=\"400\" height=\"400\" title=\"Yogateachings\" role=\"img\"\/><\/figure><\/div>\n<\/div>\n<\/div><\/div>\n\n\n\n<div class=\"wp-block-uagb-container uagb-block-96b5f2cd alignfull uagb-is-root-container\"><div class=\"uagb-container-inner-blocks-wrap\">\n<div class=\"wp-block-uagb-container uagb-block-d40e016b\">\n<div class=\"wp-block-uagb-container uagb-block-26b60456\">\n<div class=\"wp-block-uagb-advanced-heading uagb-block-9888e067\"><h5 class=\"uagb-heading-text\">Here you can read more about upcoming events <a href=\"https:\/\/ayurvedaflow.se\/en\/aktuellt\/\" data-type=\"page\" data-id=\"2959\">vad som \u00e4r p\u00e5 g\u00e5ng<\/a><\/h5><\/div>\n<\/div>\n<\/div>\n\n\n\n<p><\/p>\n\n\n\n<div class=\"wp-block-uagb-container uagb-block-c9c2a044\">\n<div class=\"wp-block-uagb-buttons uagb-buttons__outer-wrap uagb-btn__default-btn uagb-btn-tablet__default-btn uagb-btn-mobile__default-btn uagb-block-bc6003e9\"><div class=\"uagb-buttons__wrap uagb-buttons-layout-wrap\">\n<div class=\"wp-block-uagb-buttons-child uagb-buttons__outer-wrap uagb-block-f7f083ee wp-block-button\"><div class=\"uagb-button__wrapper\"><a class=\"uagb-buttons-repeater wp-block-button__link\" aria-label=\"\" href=\"http:\/\/www.bokadirekt.se\/places\/vaga-yoga-nu-ayurveda-flow-i-vasteras-28358\" rel=\"follow noopener\" target=\"_self\" role=\"button\"><div class=\"uagb-button__link\">Boka tj\u00e4nster g\u00f6r du  h\u00e4r <\/div><\/a><\/div><\/div>\n<\/div><\/div>\n\n\n\n<p><\/p>\n<\/div>\n<\/div><\/div>","protected":false},"excerpt":{"rendered":"<p>Vad kul att du hittat hit Ayurveda Flow representerar en holistisk syn p\u00e5 h\u00e4lsa och v\u00e4lm\u00e5ende, och \u00e4r ett resultat av en sammanfl\u00e4tning av kunskap och erfarenhet fr\u00e5n den svenska h\u00e4lsor\u00f6relsen, \u00e5r av yogaverksamhet, professionell v\u00e4gledning &amp; coachning, f\u00f6rdjupning inom ayurveda och \u00f6rtkunskap tillsammans med eget yoga-, meditation- och spirituellt ut\u00f6vande.&nbsp; Genom att erbjuda en [&hellip;]<\/p>\n","protected":false},"author":1,"featured_media":0,"parent":1376,"menu_order":0,"comment_status":"closed","ping_status":"closed","template":"","meta":{"_uag_custom_page_level_css":"","site-sidebar-layout":"no-sidebar","site-content-layout":"","ast-site-content-layout":"normal-width-container","site-content-style":"boxed","site-sidebar-style":"boxed","ast-global-header-display":"","ast-banner-title-visibility":"","ast-main-header-display":"","ast-hfb-above-header-display":"","ast-hfb-below-header-display":"","ast-hfb-mobile-header-display":"","site-post-title":"disabled","ast-breadcrumbs-content":"","ast-featured-img":"","footer-sml-layout":"","ast-disable-related-posts":"","theme-transparent-header-meta":"","adv-header-id-meta":"","stick-header-meta":"","header-above-stick-meta":"","header-main-stick-meta":"","header-below-stick-meta":"","astra-migrate-meta-layouts":"set","ast-page-background-enabled":"default","ast-page-background-meta":{"desktop":{"background-color":"","background-image":"","background-repeat":"repeat","background-position":"center center","background-size":"auto","background-attachment":"scroll","background-type":"","background-media":"","overlay-type":"","overlay-color":"","overlay-opacity":"","overlay-gradient":""},"tablet":{"background-color":"","background-image":"","background-repeat":"repeat","background-position":"center center","background-size":"auto","background-attachment":"scroll","background-type":"","background-media":"","overlay-type":"","overlay-color":"","overlay-opacity":"","overlay-gradient":""},"mobile":{"background-color":"","background-image":"","background-repeat":"repeat","background-position":"center center","background-size":"auto","background-attachment":"scroll","background-type":"","background-media":"","overlay-type":"","overlay-color":"","overlay-opacity":"","overlay-gradient":""}},"ast-content-background-meta":{"desktop":{"background-color":"var(--ast-global-color-5)","background-image":"","background-repeat":"repeat","background-position":"center center","background-size":"auto","background-attachment":"scroll","background-type":"","background-media":"","overlay-type":"","overlay-color":"","overlay-opacity":"","overlay-gradient":""},"tablet":{"background-color":"var(--ast-global-color-5)","background-image":"","background-repeat":"repeat","background-position":"center center","background-size":"auto","background-attachment":"scroll","background-type":"","background-media":"","overlay-type":"","overlay-color":"","overlay-opacity":"","overlay-gradient":""},"mobile":{"background-color":"var(--ast-global-color-5)","background-image":"","background-repeat":"repeat","background-position":"center center","background-size":"auto","background-attachment":"scroll","background-type":"","background-media":"","overlay-type":"","overlay-color":"","overlay-opacity":"","overlay-gradient":""}},"footnotes":""},"class_list":["post-3058","page","type-page","status-publish","hentry"],"uagb_featured_image_src":{"full":false,"thumbnail":false,"medium":false,"medium_large":false,"large":false,"1536x1536":false,"2048x2048":false,"trp-custom-language-flag":false,"woocommerce_thumbnail":false,"woocommerce_single":false,"woocommerce_gallery_thumbnail":false},"uagb_author_info":{"display_name":"Adam0304","author_link":"https:\/\/ayurvedaflow.se\/en\/author\/adam0304\/"},"uagb_comment_info":0,"uagb_excerpt":"Vad kul att du hittat hit Ayurveda Flow representerar en holistisk syn p\u00e5 h\u00e4lsa och v\u00e4lm\u00e5ende, och \u00e4r ett resultat av en sammanfl\u00e4tning av kunskap och erfarenhet fr\u00e5n den svenska h\u00e4lsor\u00f6relsen, \u00e5r av yogaverksamhet, professionell v\u00e4gledning &amp; coachning, f\u00f6rdjupning inom ayurveda och \u00f6rtkunskap tillsammans med eget yoga-, meditation- och spirituellt ut\u00f6vande.&nbsp; Genom att erbjuda en&hellip;","_links":{"self":[{"href":"https:\/\/ayurvedaflow.se\/en\/wp-json\/wp\/v2\/pages\/3058","targetHints":{"allow":["GET"]}}],"collection":[{"href":"https:\/\/ayurvedaflow.se\/en\/wp-json\/wp\/v2\/pages"}],"about":[{"href":"https:\/\/ayurvedaflow.se\/en\/wp-json\/wp\/v2\/types\/page"}],"author":[{"embeddable":true,"href":"https:\/\/ayurvedaflow.se\/en\/wp-json\/wp\/v2\/users\/1"}],"replies":[{"embeddable":true,"href":"https:\/\/ayurvedaflow.se\/en\/wp-json\/wp\/v2\/comments?post=3058"}],"version-history":[{"count":83,"href":"https:\/\/ayurvedaflow.se\/en\/wp-json\/wp\/v2\/pages\/3058\/revisions"}],"predecessor-version":[{"id":6545,"href":"https:\/\/ayurvedaflow.se\/en\/wp-json\/wp\/v2\/pages\/3058\/revisions\/6545"}],"up":[{"embeddable":true,"href":"https:\/\/ayurvedaflow.se\/en\/wp-json\/wp\/v2\/pages\/1376"}],"wp:attachment":[{"href":"https:\/\/ayurvedaflow.se\/en\/wp-json\/wp\/v2\/media?parent=3058"}],"curies":[{"name":"wp","href":"https:\/\/api.w.org\/{rel}","templated":true}]}}