{"id":2959,"date":"2024-04-29T09:57:03","date_gmt":"2024-04-29T09:57:03","guid":{"rendered":"https:\/\/ayurvedaflow.se\/?page_id=2959"},"modified":"2026-04-29T13:55:31","modified_gmt":"2026-04-29T13:55:31","slug":"aktuellt","status":"publish","type":"page","link":"https:\/\/ayurvedaflow.se\/en\/aktuellt\/","title":{"rendered":"Events"},"content":{"rendered":"<div data-elementor-type=\"wp-page\" data-elementor-id=\"2959\" class=\"elementor elementor-2959\">\n\t\t\t\t<div class=\"elementor-element elementor-element-7cc9d784 e-flex e-con-boxed e-con e-parent\" data-id=\"7cc9d784\" data-element_type=\"container\" data-e-type=\"container\">\n\t\t\t\t\t<div class=\"e-con-inner\">\n\t\t\t\t<div class=\"elementor-element elementor-element-7ff0d76a elementor-widget elementor-widget-text-editor\" data-id=\"7ff0d76a\" data-element_type=\"widget\" data-e-type=\"widget\" data-widget_type=\"text-editor.default\">\n\t\t\t\t<div class=\"elementor-widget-container\">\n\t\t\t\t\t\t\t\t\t\n<p>\u00a0<\/p>\n\n<div class=\"wp-block-uagb-advanced-heading uagb-block-cd5e53ea\">\n<h2 class=\"uagb-heading-text\">Current - Upcoming Edvents<\/h2>\n<div class=\"uagb-separator\">\u00a0<\/div>\n<\/div>\n\n<p>\u00a0<\/p>\n\n<div class=\"wp-block-uagb-container uagb-block-596fc6d1 alignfull uagb-is-root-container\">\n<div class=\"uagb-container__shape uagb-container__shape-bottom uagb-container__invert\" data-negative=\"false\">\u00a0<\/div>\n<div class=\"uagb-container-inner-blocks-wrap\">\n<div class=\"wp-block-uagb-container uagb-block-2e0a075d\">\n<p>\u00a0<\/p>\n\n<p>\u00a0<\/p>\n\n<div class=\"wp-block-uagb-advanced-heading uagb-block-6520885b\">\n<h2 class=\"uagb-heading-text\">One Year Programs<\/h2>\n<\/div>\n\n<div class=\"wp-block-uagb-container uagb-block-597a1627\">\n<div class=\"wp-block-uagb-advanced-heading uagb-block-ae7434e9\">\n<h4 class=\"uagb-heading-text\"><strong>My Authentic SELF!<\/strong><br \/>- A holistic journey toward wholeness and harmony in everyday life<\/h4>\n<\/div>\n\n<p>\u00a0<\/p>\n\n<div class=\"wp-block-uagb-advanced-heading uagb-block-62fd2506\">\n<h4 class=\"uagb-heading-text\"><strong> Starter helgen 12 &amp; 13 September 2026<\/strong><\/h4>\n<\/div>\n\n<p>\u00a0<\/p>\n\n<div class=\"wp-block-uagb-buttons uagb-buttons__outer-wrap uagb-btn__default-btn uagb-btn-tablet__default-btn uagb-btn-mobile__default-btn uagb-block-72864344\">\n<div class=\"uagb-buttons__wrap uagb-buttons-layout-wrap\">\n<div class=\"wp-block-uagb-buttons-child uagb-buttons__outer-wrap uagb-block-f7c7f955 wp-block-button\">\n<div class=\"uagb-button__wrapper\">\n<div class=\"uagb-button__link\">Boka din plats h\u00e4r<\/div>\n<\/div>\n<\/div>\n<\/div>\n<\/div>\n\n<p>\u00a0<\/p>\n<\/div>\n\n<div class=\"wp-block-uagb-container uagb-block-f2078e5b\">\n<div class=\"wp-block-uagb-container uagb-block-4fa34da5\">\n<div class=\"wp-block-uagb-buttons uagb-buttons__outer-wrap uagb-btn__default-btn uagb-btn-tablet__default-btn uagb-btn-mobile__default-btn uagb-block-ca469657\">\n<div class=\"uagb-buttons__wrap uagb-buttons-layout-wrap\">\n<div class=\"wp-block-uagb-buttons-child uagb-buttons__outer-wrap uagb-block-9e49debc wp-block-button\">\n<div class=\"uagb-button__wrapper\">\n<div class=\"uagb-button__link\">Mer Information Om &#8211; Mitt Autentiska JAG!<\/div>\n<\/div>\n<\/div>\n<\/div>\n<\/div>\n\n<p>\u00a0<\/p>\n<\/div>\n<\/div>\n\n<p>\u00a0<\/p>\n\n<p>\u00a0<\/p>\n\n<p>\u00a0<\/p>\n<\/div>\n<\/div>\n<\/div>\n\n<p>\u00a0<\/p>\n\n<p>\u00a0<\/p>\n\n<p>\u00a0<\/p>\n\n<div class=\"wp-block-uagb-container uagb-block-737295de alignfull uagb-is-root-container\">\n<div class=\"uagb-container-inner-blocks-wrap\">\n<div class=\"wp-block-uagb-advanced-heading uagb-block-cf06f9db\">\n<h2 class=\"uagb-heading-text\">Yoga and Meditation<\/h2>\n<div class=\"uagb-separator\">\u00a0<\/div>\n<\/div>\n<\/div>\n<\/div>\n\n<div class=\"wp-block-uagb-container uagb-block-5a8ea907 alignfull uagb-is-root-container\">\n<div class=\"uagb-container-inner-blocks-wrap\">\u00a0<\/div>\n<\/div>\n\n<p>\u00a0<\/p>\n\n<div class=\"wp-block-uagb-container uagb-block-a5e85993 alignfull uagb-is-root-container\">\n<div class=\"uagb-container-inner-blocks-wrap\">\n<div class=\"wp-block-uagb-advanced-heading uagb-block-f7443267\">\n<h3 class=\"uagb-heading-text\"><strong>MorgonYoga Online<\/strong><\/h3>\n<\/div>\n<\/div>\n<\/div>\n\n<p>\u00a0<\/p>\n\n<div class=\"wp-block-uagb-advanced-heading uagb-block-39c76028\">\n<h5 class=\"uagb-heading-text\"><strong>M\u00e5ndag, Onsdag, Fredag kl. 6.45 &#8211; 7.30<\/strong><\/h5>\n<\/div>\n\n<p>\u00a0<\/p>\n\n<div class=\"wp-block-uagb-advanced-heading uagb-block-6d41bc5a\">\n<h5 class=\"uagb-heading-text\">Startar kontinuerligt varje m\u00e5nad <br \/>N\u00e4sta start datum \u00e4r 4 maj och 1 juni<br \/><br \/><\/h5>\n<\/div>\n\n<div class=\"wp-block-uagb-container uagb-block-ac0ea875 alignfull uagb-is-root-container\">\n<div class=\"uagb-container-inner-blocks-wrap\">\n<div class=\"wp-block-uagb-buttons uagb-buttons__outer-wrap uagb-btn__default-btn uagb-btn-tablet__default-btn uagb-btn-mobile__default-btn uagb-block-db4dcc4a\">\n<div class=\"uagb-buttons__wrap uagb-buttons-layout-wrap\">\n<div class=\"wp-block-uagb-buttons-child uagb-buttons__outer-wrap uagb-block-09063eea wp-block-button\">\n<div class=\"uagb-button__wrapper\">\n<div class=\"uagb-button__link\">Om MorgonYogan<\/div>\n<\/div>\n<\/div>\n<\/div>\n<\/div>\n\n<p>\u00a0<\/p>\n<\/div>\n<\/div>\n\n<div class=\"wp-block-uagb-container uagb-block-3a26d7be alignfull uagb-is-root-container\">\n<div class=\"uagb-container-inner-blocks-wrap\">\n<div class=\"wp-block-uagb-buttons uagb-buttons__outer-wrap uagb-btn__default-btn uagb-btn-tablet__default-btn uagb-btn-mobile__default-btn uagb-block-d57a24bb\">\n<div class=\"uagb-buttons__wrap uagb-buttons-layout-wrap\">\n<div class=\"wp-block-uagb-buttons-child uagb-buttons__outer-wrap uagb-block-4d6cf715 wp-block-button\">\n<div class=\"uagb-button__wrapper\">\n<div class=\"uagb-button__link\">Boka<\/div>\n<\/div>\n<\/div>\n<\/div>\n<\/div>\n\n<p>\u00a0<\/p>\n\n<p>\u00a0<\/p>\n\n<p>\u00a0<\/p>\n\n<div class=\"wp-block-uagb-container uagb-block-14f3e884\">\n<div class=\"uagb-container__shape uagb-container__shape-bottom uagb-container__invert\" data-negative=\"false\">\u00a0<\/div>\n<\/div>\n\n<p>\u00a0<\/p>\n\n<p>\u00a0<\/p>\n<\/div>\n<\/div>\n\n<div class=\"wp-block-uagb-advanced-heading uagb-block-ee5d48c0\">\n<h3 class=\"uagb-heading-text\"><strong>KundaliniYoga p\u00e5 Plats i V\u00e4ster\u00e5s<\/strong><\/h3>\n<div class=\"uagb-separator\">\u00a0<\/div>\n<\/div>\n\n<div class=\"wp-block-uagb-advanced-heading uagb-block-78de275d\">\n<h5 class=\"uagb-heading-text\">Torsdagar kv\u00e4llstid kl. 18.00 &#8211; 19.30<br \/>Drop &#8211; In, f\u00f6r dig som ut\u00f6vat Kundaliniyoga tidigare<br \/>7 maj, 21 maj, 28 maj, 4 juni<\/h5>\n<\/div>\n\n<p>\u00a0<\/p>\n\n<div class=\"wp-block-uagb-container uagb-block-471b6ab7 alignfull uagb-is-root-container\">\n<div class=\"uagb-container-inner-blocks-wrap\">\n<div class=\"wp-block-uagb-buttons uagb-buttons__outer-wrap uagb-btn__default-btn uagb-btn-tablet__default-btn uagb-btn-mobile__default-btn uagb-block-6c125189\">\n<div class=\"uagb-buttons__wrap uagb-buttons-layout-wrap\">\n<div class=\"wp-block-uagb-buttons-child uagb-buttons__outer-wrap uagb-block-9128f6f6 wp-block-button\">\n<div class=\"uagb-button__wrapper\">\n<div class=\"uagb-button__link\">Om Kundalini Yoga<\/div>\n<\/div>\n<\/div>\n<\/div>\n<\/div>\n\n<p><span style=\"font-size: 16px;\">Boka<\/span><\/p>\n<\/div>\n<\/div>\n\n<p>\u00a0<\/p>\n\n<p>\u00a0<\/p>\n\n<p>\u00a0<\/p>\n\n<p>\u00a0<\/p>\n\n<p>\u00a0<\/p>\n\n<div class=\"wp-block-uagb-container uagb-block-acb480f0 alignfull uagb-is-root-container\">\n<div class=\"uagb-container-inner-blocks-wrap\">\u00a0<\/div>\n<\/div>\n\n<div class=\"wp-block-uagb-container uagb-block-b468d17e alignfull uagb-is-root-container\">\n<div class=\"uagb-container__shape uagb-container__shape-bottom uagb-container__invert\" data-negative=\"false\">\u00a0<\/div>\n<div class=\"uagb-container-inner-blocks-wrap\">\u00a0<\/div>\n<\/div>\n\n<p>\u00a0<\/p>\n\n<p>\u00a0<\/p>\n\n<p>\u00a0<\/p>\n\n<div class=\"wp-block-uagb-advanced-heading uagb-block-0aeff422\">\n<h3 class=\"uagb-heading-text\">V\u00e5rrening\/Detox<\/h3>\n<\/div>\n\n<div class=\"wp-block-uagb-advanced-heading uagb-block-b76dc525\">\n<h5 class=\"uagb-heading-text\">Av kropp och sinne<\/h5>\n<\/div>\n\n<div class=\"wp-block-uagb-advanced-heading uagb-block-413d05ad\">\n<h5 class=\"uagb-heading-text\">Online<\/h5>\n<div class=\"uagb-separator\">\u00a0<\/div>\n<\/div>\n\n<div class=\"wp-block-uagb-advanced-heading uagb-block-12de98d5\">\n<h5 class=\"uagb-heading-text\">21 dagars traditionell ayurvedisk rening<\/h5>\n<\/div>\n\n<p>\u00a0<\/p>\n\n<div class=\"wp-block-uagb-advanced-heading uagb-block-eae301b2\">\n<h5 class=\"uagb-heading-text\"><strong>Startar 18 April kl. 10.00 &#8211; 11.15 <\/strong><\/h5>\n<\/div>\n\n<p>\u00a0<\/p>\n\n<div class=\"wp-block-uagb-buttons uagb-buttons__outer-wrap uagb-btn__default-btn uagb-btn-tablet__default-btn uagb-btn-mobile__default-btn uagb-block-83289d41\">\n<div class=\"uagb-buttons__wrap uagb-buttons-layout-wrap\">\n<div class=\"wp-block-uagb-buttons-child uagb-buttons__outer-wrap uagb-block-8a1d584a wp-block-button\">\n<div class=\"uagb-button__wrapper\">\n<div class=\"uagb-button__link\">Mera Information<\/div>\n<\/div>\n<\/div>\n<\/div>\n<\/div>\n\n<p>\u00a0<\/p>\n\n<div class=\"wp-block-uagb-container uagb-block-0dbffaf4 alignfull uagb-is-root-container\">\n<div class=\"uagb-container__shape uagb-container__shape-bottom uagb-container__invert\" data-negative=\"false\">\u00a0<\/div>\n<div class=\"uagb-container-inner-blocks-wrap\">\u00a0<\/div>\n<\/div>\n\n<div class=\"wp-block-uagb-container uagb-block-8055f778 alignfull uagb-is-root-container\">\n<div class=\"uagb-container-inner-blocks-wrap\">\n<p>\u00a0<\/p>\n\n<p>\u00a0<\/p>\n\n<div class=\"wp-block-uagb-advanced-heading uagb-block-f1a9659e\">\n<h3 class=\"uagb-heading-text\">Pranayama<\/h3>\n<\/div>\n\n<div class=\"wp-block-uagb-advanced-heading uagb-block-efd55044\">\n<h5 class=\"uagb-heading-text\">and the five winds<\/h5>\n<div class=\"uagb-separator\">\u00a0<\/div>\n<\/div>\n\n<div class=\"wp-block-uagb-advanced-heading uagb-block-350b3814\">\n<h5 class=\"uagb-heading-text\">Online<\/h5>\n<\/div>\n\n<div class=\"wp-block-uagb-advanced-heading uagb-block-39e5f04f\">\n<h6 class=\"uagb-heading-text\">Meditation bortom stressreducering &#8211; f\u00f6r dig som ut\u00f6vat meditation <br \/>tidigare och vill g\u00e5 &#8221;djupare&#8221;<br \/><br \/><\/h6>\n<\/div>\n\n<div class=\"wp-block-uagb-advanced-heading uagb-block-2324aa57\">\n<h5 class=\"uagb-heading-text\">Datum Kommer<\/h5>\n<\/div>\n\n<p>\u00a0<\/p>\n\n<div class=\"wp-block-uagb-container uagb-block-f60c8f6a\">\u00a0<\/div>\n\n<p>\u00a0<\/p>\n\n<div class=\"wp-block-uagb-buttons uagb-buttons__outer-wrap uagb-btn__default-btn uagb-btn-tablet__default-btn uagb-btn-mobile__default-btn uagb-block-40bf5a6e\">\n<div class=\"uagb-buttons__wrap uagb-buttons-layout-wrap\">\n<div class=\"wp-block-uagb-buttons-child uagb-buttons__outer-wrap uagb-block-2a18e9a3 wp-block-button\">\n<div class=\"uagb-button__wrapper\">\n<div class=\"uagb-button__link\">Mera Information<\/div>\n<\/div>\n<\/div>\n<\/div>\n<\/div>\n\n<p>\u00a0<\/p>\n\n<div class=\"wp-block-uagb-buttons uagb-buttons__outer-wrap uagb-btn__default-btn uagb-btn-tablet__default-btn uagb-btn-mobile__default-btn uagb-block-8da17131\">\n<div class=\"uagb-buttons__wrap uagb-buttons-layout-wrap\">\n<div class=\"wp-block-uagb-buttons-child uagb-buttons__outer-wrap uagb-block-dd59ed75 wp-block-button\">\n<div class=\"uagb-button__wrapper\">\n<div class=\"uagb-button__link\">Om Pranayama<\/div>\n<\/div>\n<\/div>\n<\/div>\n<\/div>\n\n<p>\u00a0<\/p>\n\n<div class=\"wp-block-uagb-buttons uagb-buttons__outer-wrap uagb-btn__default-btn uagb-btn-tablet__default-btn uagb-btn-mobile__default-btn uagb-block-f9610f96\">\n<div class=\"uagb-buttons__wrap uagb-buttons-layout-wrap\">\n<div class=\"wp-block-uagb-buttons-child uagb-buttons__outer-wrap uagb-block-da9b7c3e wp-block-button\">\n<div class=\"uagb-button__wrapper\">\n<div class=\"uagb-button__link\">Boka<\/div>\n<\/div>\n<\/div>\n<\/div>\n<\/div>\n\n<p>\u00a0<\/p>\n<\/div>\n<\/div>\n\n<p>\u00a0<\/p>\n\n<p>\u00a0<\/p>\n\n<p>\u00a0<\/p>\n\n<p>\u00a0<\/p>\n\n<p>\u00a0<\/p>\n\n<p>\u00a0<\/p>\n\n<p>\u00a0<\/p>\n\n<p>\u00a0<\/p>\n\n<p>\u00a0<\/p>\n\n<div class=\"wp-block-uagb-container uagb-block-ab3e5de2 alignfull uagb-is-root-container\">\n<div class=\"uagb-container__shape uagb-container__shape-bottom uagb-container__invert\" data-negative=\"false\">\u00a0<\/div>\n<div class=\"uagb-container-inner-blocks-wrap\">\u00a0<\/div>\n<\/div>\n\n<p>\u00a0<\/p>\n\n<p>\u00a0<\/p>\n\n<div class=\"wp-block-uagb-advanced-heading uagb-block-932f195b\">\n<h3 class=\"uagb-heading-text\">40 dagar Mantra Meditation<\/h3>\n<div class=\"uagb-separator\">\u00a0<\/div>\n<\/div>\n\n<div class=\"wp-block-uagb-advanced-heading uagb-block-63f5a665\">\n<h4 class=\"uagb-heading-text\">&#8211; f\u00f6r att st\u00e4rka din Intuition<\/h4>\n<\/div>\n\n<p>\u00a0<\/p>\n\n<p>\u00a0<\/p>\n\n<div class=\"wp-block-uagb-advanced-heading uagb-block-ab1de827\">\n<h5 class=\"uagb-heading-text\">Online<\/h5>\n<\/div>\n\n<p>\u00a0<\/p>\n\n<div class=\"wp-block-uagb-advanced-heading uagb-block-2d969bda\">\n<h5 class=\"uagb-heading-text\">N\u00e4sta Start Tisdag 28 april kl. 18.15<\/h5>\n<\/div>\n\n<p>\u00a0<\/p>\n\n<p>\u00a0<\/p>\n\n<p>\u00a0<\/p>\n\n<div class=\"wp-block-uagb-buttons uagb-buttons__outer-wrap uagb-btn__default-btn uagb-btn-tablet__default-btn uagb-btn-mobile__default-btn uagb-block-b292ae59\">\n<div class=\"uagb-buttons__wrap uagb-buttons-layout-wrap\">\n<div class=\"wp-block-uagb-buttons-child uagb-buttons__outer-wrap uagb-block-fbeb9bb6 wp-block-button\">\n<div class=\"uagb-button__wrapper\">\n<div class=\"uagb-button__link\">Boka<\/div>\n<\/div>\n<\/div>\n<\/div>\n<\/div>\n\n<p>\u00a0<\/p>\n\n<div class=\"wp-block-uagb-container uagb-block-08746066 alignfull uagb-is-root-container\">\n<div class=\"uagb-container__shape uagb-container__shape-bottom uagb-container__invert\" data-negative=\"false\">\u00a0<\/div>\n<div class=\"uagb-container-inner-blocks-wrap\">\u00a0<\/div>\n<\/div>\n\n<p>\u00a0<\/p>\n\n<div class=\"wp-block-uagb-advanced-heading uagb-block-04b2f1e2\">\n<h2 class=\"uagb-heading-text\">Webinarier 2026<\/h2>\n<div class=\"uagb-separator\">\u00a0<\/div>\n<\/div>\n\n<p>\u00a0<\/p>\n\n<div class=\"wp-block-uagb-advanced-heading uagb-block-5d7a27ec\">\n<h5 class=\"uagb-heading-text\">Under 2026 kommer vi att ha tio inspirerande, <strong>frist\u00e5ende<\/strong> webinarier inom holistisk h\u00e4lsa och ayurveda. Varje tillf\u00e4lle utforskar <br \/>ett nytt tema p\u00e5 grundl\u00e4ggande eller avancerad niv\u00e5. Varje tillf\u00e4lle \u00e4r frist\u00e5ende.<\/h5>\n<\/div>\n\n<p>\u00a0<\/p>\n\n<div class=\"wp-block-uagb-advanced-heading uagb-block-06f0691d\">\n<h5 class=\"uagb-heading-text\">Datum kommer<\/h5>\n<\/div>\n\n<p>\u00a0<\/p>\n\n<p>\u00a0<\/p>\n\n<p>\u00a0<\/p>\n\n<p>\u00a0<\/p>\n\n<p>\u00a0<\/p>\n\n<div class=\"wp-block-uagb-container uagb-block-ab250093 alignfull uagb-is-root-container\">\n<div class=\"uagb-container__shape uagb-container__shape-bottom uagb-container__invert\" data-negative=\"false\">\u00a0<\/div>\n<div class=\"uagb-container-inner-blocks-wrap\">\u00a0<\/div>\n<\/div>\n\n<p>\u00a0<\/p>\n\n<p>\u00a0<\/p>\n\n<div class=\"wp-block-uagb-advanced-heading uagb-block-d142db3d\">\n<h2 class=\"uagb-heading-text\">Workshops 2026<\/h2>\n<div class=\"uagb-separator\">\u00a0<\/div>\n<\/div>\n\n<p>\u00a0<\/p>\n\n<div class=\"wp-block-uagb-advanced-heading uagb-block-8b59b6b8\">\n<h5 class=\"uagb-heading-text\">P\u00e5 plats i V\u00e4ster\u00e5s<\/h5>\n<\/div>\n\n<p>\u00a0<\/p>\n\n<div class=\"wp-block-uagb-advanced-heading uagb-block-27d8da9d\">\n<h5 class=\"uagb-heading-text\">Fredag den 8 maj kl. 17.00 &#8211; 19.00<\/h5>\n<\/div>\n\n<p>\u00a0<\/p>\n\n<div class=\"wp-block-uagb-container uagb-block-2aeb2f65 alignfull uagb-is-root-container\">\n<div class=\"uagb-container-inner-blocks-wrap\">\n<p>\u00a0<\/p>\n<\/div>\n<\/div>\n\n<p>\u00a0<\/p>\n\n<p>\u00a0<\/p>\n\n<p>\u00a0<\/p>\n\n<p>\u00a0<\/p>\n\t\t\t\t\t\t\t\t<\/div>\n\t\t\t\t<\/div>\n\t\t\t\t\t<\/div>\n\t\t\t\t<\/div>\n\t\t\t\t<\/div>","protected":false},"excerpt":{"rendered":"<p>\u00a0 Aktuellt &#8211; Kommande Events \u00a0 \u00a0 \u00a0 \u00a0 Utbildningar Mitt Autentiska JAG!&#8211; en holistisk resa mot helhet och harmoni i vardagen \u00a0 Starter helgen 12 &amp; 13 September 2026 \u00a0 \u00a0 \u00a0 \u00a0 \u00a0 \u00a0 \u00a0 \u00a0 \u00a0 Yoga &amp; Mediation \u00a0 \u00a0 \u00a0 MorgonYoga Online \u00a0 M\u00e5ndag, Onsdag, Fredag kl. 6.45 &#8211; 7.30 [&hellip;]<\/p>\n","protected":false},"author":1,"featured_media":0,"parent":0,"menu_order":0,"comment_status":"closed","ping_status":"closed","template":"","meta":{"_uag_custom_page_level_css":"","site-sidebar-layout":"default","site-content-layout":"","ast-site-content-layout":"default","site-content-style":"default","site-sidebar-style":"default","ast-global-header-display":"","ast-banner-title-visibility":"","ast-main-header-display":"","ast-hfb-above-header-display":"","ast-hfb-below-header-display":"","ast-hfb-mobile-header-display":"","site-post-title":"","ast-breadcrumbs-content":"","ast-featured-img":"","footer-sml-layout":"","ast-disable-related-posts":"","theme-transparent-header-meta":"","adv-header-id-meta":"","stick-header-meta":"","header-above-stick-meta":"","header-main-stick-meta":"","header-below-stick-meta":"","astra-migrate-meta-layouts":"set","ast-page-background-enabled":"default","ast-page-background-meta":{"desktop":{"background-color":"","background-image":"","background-repeat":"repeat","background-position":"center center","background-size":"auto","background-attachment":"scroll","background-type":"","background-media":"","overlay-type":"","overlay-color":"","overlay-opacity":"","overlay-gradient":""},"tablet":{"background-color":"","background-image":"","background-repeat":"repeat","background-position":"center center","background-size":"auto","background-attachment":"scroll","background-type":"","background-media":"","overlay-type":"","overlay-color":"","overlay-opacity":"","overlay-gradient":""},"mobile":{"background-color":"","background-image":"","background-repeat":"repeat","background-position":"center center","background-size":"auto","background-attachment":"scroll","background-type":"","background-media":"","overlay-type":"","overlay-color":"","overlay-opacity":"","overlay-gradient":""}},"ast-content-background-meta":{"desktop":{"background-color":"var(--ast-global-color-5)","background-image":"","background-repeat":"repeat","background-position":"center center","background-size":"auto","background-attachment":"scroll","background-type":"","background-media":"","overlay-type":"","overlay-color":"","overlay-opacity":"","overlay-gradient":""},"tablet":{"background-color":"var(--ast-global-color-5)","background-image":"","background-repeat":"repeat","background-position":"center center","background-size":"auto","background-attachment":"scroll","background-type":"","background-media":"","overlay-type":"","overlay-color":"","overlay-opacity":"","overlay-gradient":""},"mobile":{"background-color":"var(--ast-global-color-5)","background-image":"","background-repeat":"repeat","background-position":"center center","background-size":"auto","background-attachment":"scroll","background-type":"","background-media":"","overlay-type":"","overlay-color":"","overlay-opacity":"","overlay-gradient":""}},"footnotes":""},"class_list":["post-2959","page","type-page","status-publish","hentry"],"uagb_featured_image_src":{"full":false,"thumbnail":false,"medium":false,"medium_large":false,"large":false,"1536x1536":false,"2048x2048":false,"trp-custom-language-flag":false,"woocommerce_thumbnail":false,"woocommerce_single":false,"woocommerce_gallery_thumbnail":false},"uagb_author_info":{"display_name":"Adam0304","author_link":"https:\/\/ayurvedaflow.se\/en\/author\/adam0304\/"},"uagb_comment_info":0,"uagb_excerpt":"\u00a0 Aktuellt &#8211; Kommande Events \u00a0 \u00a0 \u00a0 \u00a0 Utbildningar Mitt Autentiska JAG!&#8211; en holistisk resa mot helhet och harmoni i vardagen \u00a0 Starter helgen 12 &amp; 13 September 2026 \u00a0 \u00a0 \u00a0 \u00a0 \u00a0 \u00a0 \u00a0 \u00a0 \u00a0 Yoga &amp; Mediation \u00a0 \u00a0 \u00a0 MorgonYoga Online \u00a0 M\u00e5ndag, Onsdag, Fredag kl. 6.45 &#8211; 7.30&hellip;","_links":{"self":[{"href":"https:\/\/ayurvedaflow.se\/en\/wp-json\/wp\/v2\/pages\/2959","targetHints":{"allow":["GET"]}}],"collection":[{"href":"https:\/\/ayurvedaflow.se\/en\/wp-json\/wp\/v2\/pages"}],"about":[{"href":"https:\/\/ayurvedaflow.se\/en\/wp-json\/wp\/v2\/types\/page"}],"author":[{"embeddable":true,"href":"https:\/\/ayurvedaflow.se\/en\/wp-json\/wp\/v2\/users\/1"}],"replies":[{"embeddable":true,"href":"https:\/\/ayurvedaflow.se\/en\/wp-json\/wp\/v2\/comments?post=2959"}],"version-history":[{"count":333,"href":"https:\/\/ayurvedaflow.se\/en\/wp-json\/wp\/v2\/pages\/2959\/revisions"}],"predecessor-version":[{"id":6862,"href":"https:\/\/ayurvedaflow.se\/en\/wp-json\/wp\/v2\/pages\/2959\/revisions\/6862"}],"wp:attachment":[{"href":"https:\/\/ayurvedaflow.se\/en\/wp-json\/wp\/v2\/media?parent=2959"}],"curies":[{"name":"wp","href":"https:\/\/api.w.org\/{rel}","templated":true}]}}