{"id":1372,"date":"2020-09-17T07:30:03","date_gmt":"2020-09-17T07:30:03","guid":{"rendered":"https:\/\/ayurvedaflow.se\/contact\/"},"modified":"2025-10-15T18:56:35","modified_gmt":"2025-10-15T18:56:35","slug":"kontakt","status":"publish","type":"page","link":"https:\/\/ayurvedaflow.se\/en\/kontakt\/","title":{"rendered":"Contact"},"content":{"rendered":"<p><\/p>\n\n\n\n<p><\/p>\n\n\n\n<p><\/p>\n\n\n\n<p><\/p>\n\n\n\n<p><\/p>\n\n\n\n<p><\/p>\n\n\n\n<div class=\"wp-block-uagb-container uagb-block-0bce1286 default uagb-is-root-container\">\n<p><\/p>\n\n\n\n<p><\/p>\n\n\n\n<p><\/p>\n\n\n\n<div class=\"wp-block-uagb-advanced-heading uagb-block-76352737\"><h2 class=\"uagb-heading-text\">Contact<\/h2><\/div>\n\n\n\n<p><\/p>\n\n\n\n<p><\/p>\n\n\n\n<div class=\"wp-block-uagb-advanced-heading uagb-block-fb4a6246\"><h5 class=\"uagb-heading-text\">Ayurveda Flow is headquartered in V\u00e4ster\u00e5s, Sweden. <br><br>Would you like to get in touch? <br><br>Leave a message on the voicemail and we will get back to you <br>but the best way to reach us is by sending an email.<\/h5><\/div>\n\n\n\n<p><\/p>\n\n\n\n<p class=\"has-text-align-center\">Mail: <a href=\"mailto:info@ayurvedaflow.se\" target=\"_blank\" rel=\"noreferrer noopener\">info@ayurvedaflow.se<\/a><\/p>\n\n\n\n<h5 class=\"wp-block-heading has-text-align-center\">Mobil: <a href=\"tel:46700957161\" target=\"_blank\" rel=\"noreferrer noopener\">+46 70 095 71 61<\/a><br><\/h5>\n\n\n\n<p><\/p>\n\n\n\n<p><\/p>\n\n\n\n<p><\/p>\n<\/div>\n\n\n\n<p><\/p>\n\n\n\n<p><\/p>","protected":false},"excerpt":{"rendered":"<p>Kontakt Ayurveda Flow har sitt huvudkontor i V\u00e4ster\u00e5s\/Sweden. Vill du komma i kontakt ? L\u00e4mna ett meddelande p\u00e5 telefonsvararen s\u00e5 \u00e5terkommer vi men allra b\u00e4st \u00e4r att skicka ett mejl Mail: info@ayurvedaflow.se Mobil: +46 70 095 71 61<\/p>","protected":false},"author":1,"featured_media":0,"parent":0,"menu_order":0,"comment_status":"closed","ping_status":"closed","template":"","meta":{"_uag_custom_page_level_css":"","site-sidebar-layout":"no-sidebar","site-content-layout":"plain-container","ast-site-content-layout":"normal-width-container","site-content-style":"unboxed","site-sidebar-style":"unboxed","ast-global-header-display":"","ast-banner-title-visibility":"","ast-main-header-display":"","ast-hfb-above-header-display":"","ast-hfb-below-header-display":"","ast-hfb-mobile-header-display":"","site-post-title":"disabled","ast-breadcrumbs-content":"","ast-featured-img":"disabled","footer-sml-layout":"","ast-disable-related-posts":"","theme-transparent-header-meta":"default","adv-header-id-meta":"","stick-header-meta":"","header-above-stick-meta":"","header-main-stick-meta":"","header-below-stick-meta":"","astra-migrate-meta-layouts":"set","ast-page-background-enabled":"default","ast-page-background-meta":{"desktop":{"background-color":"","background-image":"","background-repeat":"repeat","background-position":"center center","background-size":"auto","background-attachment":"scroll","background-type":"","background-media":"","overlay-type":"","overlay-color":"","overlay-opacity":"","overlay-gradient":""},"tablet":{"background-color":"","background-image":"","background-repeat":"repeat","background-position":"center center","background-size":"auto","background-attachment":"scroll","background-type":"","background-media":"","overlay-type":"","overlay-color":"","overlay-opacity":"","overlay-gradient":""},"mobile":{"background-color":"","background-image":"","background-repeat":"repeat","background-position":"center center","background-size":"auto","background-attachment":"scroll","background-type":"","background-media":"","overlay-type":"","overlay-color":"","overlay-opacity":"","overlay-gradient":""}},"ast-content-background-meta":{"desktop":{"background-color":"var(--ast-global-color-5)","background-image":"","background-repeat":"repeat","background-position":"center center","background-size":"auto","background-attachment":"scroll","background-type":"","background-media":"","overlay-type":"","overlay-color":"","overlay-opacity":"","overlay-gradient":""},"tablet":{"background-color":"var(--ast-global-color-5)","background-image":"","background-repeat":"repeat","background-position":"center center","background-size":"auto","background-attachment":"scroll","background-type":"","background-media":"","overlay-type":"","overlay-color":"","overlay-opacity":"","overlay-gradient":""},"mobile":{"background-color":"var(--ast-global-color-5)","background-image":"","background-repeat":"repeat","background-position":"center center","background-size":"auto","background-attachment":"scroll","background-type":"","background-media":"","overlay-type":"","overlay-color":"","overlay-opacity":"","overlay-gradient":""}},"footnotes":""},"class_list":["post-1372","page","type-page","status-publish","hentry"],"uagb_featured_image_src":{"full":false,"thumbnail":false,"medium":false,"medium_large":false,"large":false,"1536x1536":false,"2048x2048":false,"trp-custom-language-flag":false,"woocommerce_thumbnail":false,"woocommerce_single":false,"woocommerce_gallery_thumbnail":false},"uagb_author_info":{"display_name":"Adam0304","author_link":"https:\/\/ayurvedaflow.se\/en\/author\/adam0304\/"},"uagb_comment_info":0,"uagb_excerpt":"Kontakt Ayurveda Flow har sitt huvudkontor i V\u00e4ster\u00e5s\/Sweden. Vill du komma i kontakt ? L\u00e4mna ett meddelande p\u00e5 telefonsvararen s\u00e5 \u00e5terkommer vi men allra b\u00e4st \u00e4r att skicka ett mejl Mail: info@ayurvedaflow.se Mobil: +46 70 095 71 61","_links":{"self":[{"href":"https:\/\/ayurvedaflow.se\/en\/wp-json\/wp\/v2\/pages\/1372","targetHints":{"allow":["GET"]}}],"collection":[{"href":"https:\/\/ayurvedaflow.se\/en\/wp-json\/wp\/v2\/pages"}],"about":[{"href":"https:\/\/ayurvedaflow.se\/en\/wp-json\/wp\/v2\/types\/page"}],"author":[{"embeddable":true,"href":"https:\/\/ayurvedaflow.se\/en\/wp-json\/wp\/v2\/users\/1"}],"replies":[{"embeddable":true,"href":"https:\/\/ayurvedaflow.se\/en\/wp-json\/wp\/v2\/comments?post=1372"}],"version-history":[{"count":35,"href":"https:\/\/ayurvedaflow.se\/en\/wp-json\/wp\/v2\/pages\/1372\/revisions"}],"predecessor-version":[{"id":6053,"href":"https:\/\/ayurvedaflow.se\/en\/wp-json\/wp\/v2\/pages\/1372\/revisions\/6053"}],"wp:attachment":[{"href":"https:\/\/ayurvedaflow.se\/en\/wp-json\/wp\/v2\/media?parent=1372"}],"curies":[{"name":"wp","href":"https:\/\/api.w.org\/{rel}","templated":true}]}}